{"id":1685,"date":"2015-11-17T04:19:36","date_gmt":"2015-11-17T04:19:36","guid":{"rendered":"https:\/\/sabatechinternational.fi\/about-us\/"},"modified":"2024-06-11T12:46:27","modified_gmt":"2024-06-11T12:46:27","slug":"about-us","status":"publish","type":"page","link":"https:\/\/sabatechinternational.fi\/fi\/about-us\/","title":{"rendered":"Meist\u00e4"},"content":{"rendered":"<div class=\"wpb-content-wrapper\"><p>[vc_row][vc_column][rev_slider_vc alias=&#8221;about_us_slider&#8221;][\/vc_column][\/vc_row][vc_row][vc_column css=&#8221;.vc_custom_1718109437036{margin-top: 60px !important;margin-bottom: 60px !important;}&#8221;][vc_column_text]<\/p>\n<h2>Olemme sabatech!<\/h2>\n<p>SABATECH INTERNATIONAL OY on dynaaminen ja innovatiivinen yritys, joka on omistautunut tarjoamaan huippuluokan palveluja logistiikkakassa, tietotekniikassa, kiinteist\u00f6nhoidossa ja johtajien nouto-\/j\u00e4tt\u00f6palveluissa. SABATECH INTERNATIONAL OY on dynaaminen ja innovatiivinen yritys, joka on omistautunut tarjoamaan huippuluokan palveluja logistiikkakassa, tietotekniikassa, kiinteist\u00f6nhoidossa ja johtajien nouto-\/j\u00e4tt\u00f6palveluissa.<\/p>\n<p>&nbsp;<\/p>\n<h2>Missiomme<\/h2>\n<p>Missiomme on parantaa liiketoiminnan toimintaa ja virtaviivaistaa p\u00e4ivitt\u00e4isi\u00e4 toimintoja kattavien palvelujemme avulla Tavoitteenamme on olla ensisijainen kumppani yrityksille, jotka etsiv\u00e4t luotettavia, tehokkaita ja edistyksellisi\u00e4 ratkaisuja.[\/vc_column_text][\/vc_column][\/vc_row][vc_row full_width=&#8221;stretch_row&#8221; el_class=&#8221;secondary_bg_color&#8221; css=&#8221;.vc_custom_1447734480631{margin-bottom: 0px !important;}&#8221;][vc_column][vc_cta h2=&#8221;Etk\u00f6 ole varma, mik\u00e4 ratkaisu sopii yrityksesi tarpeisiin?&#8221; shape=&#8221;square&#8221; add_button=&#8221;right&#8221; btn_title=&#8221;Ota yhteytt\u00e4 nyt&#8221; btn_style=&#8221;outline&#8221; btn_shape=&#8221;round&#8221; btn_color=&#8221;white&#8221; btn_i_align=&#8221;right&#8221; btn_i_icon_fontawesome=&#8221;stm-arrow-next&#8221; btn_add_icon=&#8221;true&#8221; el_class=&#8221;secondary_bg_color&#8221; btn_link=&#8221;url:https%3A%2F%2Fsabatechinternational.fi%2Ffi%2Fyhteystiedot%2F|title:Yhteystiedot|&#8221;][\/vc_cta][\/vc_column][\/vc_row]<\/p>\n<\/div>","protected":false},"excerpt":{"rendered":"<p>[vc_row][vc_column][rev_slider_vc alias=&#8221;about_us_slider&#8221;][\/vc_column][\/vc_row][vc_row][vc_column css=&#8221;.vc_custom_1718109437036{margin-top: 60px !important;margin-bottom: 60px !important;}&#8221;][vc_column_text] Olemme sabatech! SABATECH INTERNATIONAL OY on dynaaminen ja innovatiivinen yritys, joka on omistautunut tarjoamaan huippuluokan palveluja logistiikkakassa, tietotekniikassa, kiinteist\u00f6nhoidossa ja johtajien nouto-\/j\u00e4tt\u00f6palveluissa. SABATECH INTERNATIONAL OY on&#8230;<\/p>\n","protected":false},"author":1,"featured_media":0,"parent":0,"menu_order":0,"comment_status":"closed","ping_status":"closed","template":"","meta":{"footnotes":""},"class_list":["post-1685","page","type-page","status-publish","hentry"],"yoast_head":"<!-- This site is optimized with the Yoast SEO plugin v23.2 - https:\/\/yoast.com\/wordpress\/plugins\/seo\/ -->\n<title>Meist\u00e4 - Sabatech<\/title>\n<meta name=\"robots\" content=\"index, follow, max-snippet:-1, max-image-preview:large, max-video-preview:-1\" \/>\n<link rel=\"canonical\" href=\"https:\/\/sabatechinternational.fi\/about-us\/\" \/>\n<meta property=\"og:locale\" content=\"fi_FI\" \/>\n<meta property=\"og:type\" content=\"article\" \/>\n<meta property=\"og:title\" content=\"Meist\u00e4 - Sabatech\" \/>\n<meta property=\"og:description\" content=\"[vc_row][vc_column][rev_slider_vc alias=&#8221;about_us_slider&#8221;][\/vc_column][\/vc_row][vc_row][vc_column css=&#8221;.vc_custom_1718109437036{margin-top: 60px !important;margin-bottom: 60px !important;}&#8221;][vc_column_text] Olemme sabatech! SABATECH INTERNATIONAL OY on dynaaminen ja innovatiivinen yritys, joka on omistautunut tarjoamaan huippuluokan palveluja logistiikkakassa, tietotekniikassa, kiinteist\u00f6nhoidossa ja johtajien nouto-\/j\u00e4tt\u00f6palveluissa. SABATECH INTERNATIONAL OY on...\" \/>\n<meta property=\"og:url\" content=\"https:\/\/sabatechinternational.fi\/about-us\/\" \/>\n<meta property=\"og:site_name\" content=\"Sabatech\" \/>\n<meta property=\"article:modified_time\" content=\"2024-06-11T12:46:27+00:00\" \/>\n<meta name=\"twitter:card\" content=\"summary_large_image\" \/>\n<meta name=\"twitter:label1\" content=\"Arvioitu lukuaika\" \/>\n\t<meta name=\"twitter:data1\" content=\"1 minuutti\" \/>\n<script type=\"application\/ld+json\" class=\"yoast-schema-graph\">{\"@context\":\"https:\/\/schema.org\",\"@graph\":[{\"@type\":\"WebPage\",\"@id\":\"https:\/\/sabatechinternational.fi\/about-us\/\",\"url\":\"https:\/\/sabatechinternational.fi\/about-us\/\",\"name\":\"Meist\u00e4 - Sabatech\",\"isPartOf\":{\"@id\":\"https:\/\/sabatechinternational.fi\/#website\"},\"datePublished\":\"2015-11-17T04:19:36+00:00\",\"dateModified\":\"2024-06-11T12:46:27+00:00\",\"breadcrumb\":{\"@id\":\"https:\/\/sabatechinternational.fi\/about-us\/#breadcrumb\"},\"inLanguage\":\"fi\",\"potentialAction\":[{\"@type\":\"ReadAction\",\"target\":[\"https:\/\/sabatechinternational.fi\/about-us\/\"]}]},{\"@type\":\"BreadcrumbList\",\"@id\":\"https:\/\/sabatechinternational.fi\/about-us\/#breadcrumb\",\"itemListElement\":[{\"@type\":\"ListItem\",\"position\":1,\"name\":\"Home\",\"item\":\"https:\/\/sabatechinternational.fi\/\"},{\"@type\":\"ListItem\",\"position\":2,\"name\":\"Meist\u00e4\"}]},{\"@type\":\"WebSite\",\"@id\":\"https:\/\/sabatechinternational.fi\/#website\",\"url\":\"https:\/\/sabatechinternational.fi\/\",\"name\":\"Sabatech\",\"description\":\"Sabatech\",\"potentialAction\":[{\"@type\":\"SearchAction\",\"target\":{\"@type\":\"EntryPoint\",\"urlTemplate\":\"https:\/\/sabatechinternational.fi\/?s={search_term_string}\"},\"query-input\":\"required name=search_term_string\"}],\"inLanguage\":\"fi\"}]}<\/script>\n<!-- \/ Yoast SEO plugin. -->","yoast_head_json":{"title":"Meist\u00e4 - Sabatech","robots":{"index":"index","follow":"follow","max-snippet":"max-snippet:-1","max-image-preview":"max-image-preview:large","max-video-preview":"max-video-preview:-1"},"canonical":"https:\/\/sabatechinternational.fi\/about-us\/","og_locale":"fi_FI","og_type":"article","og_title":"Meist\u00e4 - Sabatech","og_description":"[vc_row][vc_column][rev_slider_vc alias=&#8221;about_us_slider&#8221;][\/vc_column][\/vc_row][vc_row][vc_column css=&#8221;.vc_custom_1718109437036{margin-top: 60px !important;margin-bottom: 60px !important;}&#8221;][vc_column_text] Olemme sabatech! SABATECH INTERNATIONAL OY on dynaaminen ja innovatiivinen yritys, joka on omistautunut tarjoamaan huippuluokan palveluja logistiikkakassa, tietotekniikassa, kiinteist\u00f6nhoidossa ja johtajien nouto-\/j\u00e4tt\u00f6palveluissa. SABATECH INTERNATIONAL OY on...","og_url":"https:\/\/sabatechinternational.fi\/about-us\/","og_site_name":"Sabatech","article_modified_time":"2024-06-11T12:46:27+00:00","twitter_card":"summary_large_image","twitter_misc":{"Arvioitu lukuaika":"1 minuutti"},"schema":{"@context":"https:\/\/schema.org","@graph":[{"@type":"WebPage","@id":"https:\/\/sabatechinternational.fi\/about-us\/","url":"https:\/\/sabatechinternational.fi\/about-us\/","name":"Meist\u00e4 - Sabatech","isPartOf":{"@id":"https:\/\/sabatechinternational.fi\/#website"},"datePublished":"2015-11-17T04:19:36+00:00","dateModified":"2024-06-11T12:46:27+00:00","breadcrumb":{"@id":"https:\/\/sabatechinternational.fi\/about-us\/#breadcrumb"},"inLanguage":"fi","potentialAction":[{"@type":"ReadAction","target":["https:\/\/sabatechinternational.fi\/about-us\/"]}]},{"@type":"BreadcrumbList","@id":"https:\/\/sabatechinternational.fi\/about-us\/#breadcrumb","itemListElement":[{"@type":"ListItem","position":1,"name":"Home","item":"https:\/\/sabatechinternational.fi\/"},{"@type":"ListItem","position":2,"name":"Meist\u00e4"}]},{"@type":"WebSite","@id":"https:\/\/sabatechinternational.fi\/#website","url":"https:\/\/sabatechinternational.fi\/","name":"Sabatech","description":"Sabatech","potentialAction":[{"@type":"SearchAction","target":{"@type":"EntryPoint","urlTemplate":"https:\/\/sabatechinternational.fi\/?s={search_term_string}"},"query-input":"required name=search_term_string"}],"inLanguage":"fi"}]}},"_links":{"self":[{"href":"https:\/\/sabatechinternational.fi\/fi\/wp-json\/wp\/v2\/pages\/1685","targetHints":{"allow":["GET"]}}],"collection":[{"href":"https:\/\/sabatechinternational.fi\/fi\/wp-json\/wp\/v2\/pages"}],"about":[{"href":"https:\/\/sabatechinternational.fi\/fi\/wp-json\/wp\/v2\/types\/page"}],"author":[{"embeddable":true,"href":"https:\/\/sabatechinternational.fi\/fi\/wp-json\/wp\/v2\/users\/1"}],"replies":[{"embeddable":true,"href":"https:\/\/sabatechinternational.fi\/fi\/wp-json\/wp\/v2\/comments?post=1685"}],"version-history":[{"count":50,"href":"https:\/\/sabatechinternational.fi\/fi\/wp-json\/wp\/v2\/pages\/1685\/revisions"}],"predecessor-version":[{"id":1688,"href":"https:\/\/sabatechinternational.fi\/fi\/wp-json\/wp\/v2\/pages\/1685\/revisions\/1688"}],"wp:attachment":[{"href":"https:\/\/sabatechinternational.fi\/fi\/wp-json\/wp\/v2\/media?parent=1685"}],"curies":[{"name":"wp","href":"https:\/\/api.w.org\/{rel}","templated":true}]}}