{"id":1712,"date":"2024-05-29T05:11:39","date_gmt":"2024-05-29T05:11:39","guid":{"rendered":"https:\/\/sabatechinternational.fi\/logistiikan-erinomaisuus\/"},"modified":"2024-10-24T09:23:50","modified_gmt":"2024-10-24T09:23:50","slug":"logistiikan-erinomaisuus","status":"publish","type":"page","link":"https:\/\/sabatechinternational.fi\/fi\/logistiikan-erinomaisuus\/","title":{"rendered":"Logistiikan erinomaisuus"},"content":{"rendered":"<div class=\"wpb-content-wrapper\"><p>[vc_row css=&#8221;.vc_custom_1449207080478{margin-bottom: 60px !important;}&#8221;][vc_column offset=&#8221;vc_col-lg-6 vc_col-md-6&#8243; css=&#8221;.vc_custom_1716984644333{margin-bottom: 30px !important;}&#8221;][vc_column_text]<\/p>\n<h2>Logistiikan erinomaisuus<\/h2>\n<p>SABATECH INTERNATIONAL OY on johtava logistiikkayritys, joka on erikoistunut terminaali- ja toimituspalveluihin arvostetuille asiakkaille, kuten postitoimistoille. Panostamme luotettavuuteen, tehokkuuteen ja asiakastyytyv\u00e4isyyteen, ja tarjoamme saumattomia logistiikkaratkaisuja, jotka vastaavat asiakkaidemme ainutlaatuisiin tarpeisiin[\/vc_column_text][\/vc_column][vc_column offset=&#8221;vc_col-lg-6 vc_col-md-6&#8243; css=&#8221;.vc_custom_1716984664249{margin-bottom: 30px !important;}&#8221;]\n<div class=\"wpcf7 no-js\" id=\"wpcf7-f1405-o1\" lang=\"en-US\" dir=\"ltr\">\n<div class=\"screen-reader-response\"><p role=\"status\" aria-live=\"polite\" aria-atomic=\"true\"><\/p> <ul><\/ul><\/div>\n<form action=\"\/fi\/wp-json\/wp\/v2\/pages\/1712#wpcf7-f1405-o1\" method=\"post\" class=\"wpcf7-form init\" aria-label=\"Contact form\" novalidate=\"novalidate\" data-status=\"init\">\n<div style=\"display: none;\">\n<input type=\"hidden\" name=\"_wpcf7\" value=\"1405\" \/>\n<input type=\"hidden\" name=\"_wpcf7_version\" value=\"5.9.8\" \/>\n<input type=\"hidden\" name=\"_wpcf7_locale\" value=\"en_US\" \/>\n<input type=\"hidden\" name=\"_wpcf7_unit_tag\" value=\"wpcf7-f1405-o1\" \/>\n<input type=\"hidden\" name=\"_wpcf7_container_post\" value=\"0\" \/>\n<input type=\"hidden\" name=\"_wpcf7_posted_data_hash\" value=\"\" \/>\n<\/div>\n<div class=\"contact_form\">\n\t<div class=\"row\">\n\t\t<div class=\"col-lg-12 col-md-12 col-sm-12 col-xs-12\">\n\t\t\t<div class=\"input-group m-0\">\n\t\t\t\t<p><span class=\"wpcf7-form-control-wrap\" data-name=\"full-name\"><input size=\"40\" maxlength=\"400\" class=\"wpcf7-form-control wpcf7-text wpcf7-validates-as-required\" aria-required=\"true\" aria-invalid=\"false\" placeholder=\"Name *\" value=\"\" type=\"text\" name=\"full-name\" \/><\/span>\n\t\t\t\t<\/p>\n\t\t\t<\/div>\n\t\t<\/div>\n\t<\/div>\n\t<div class=\"row\">\n\t\t<div class=\"col-lg-12 col-md-12 col-sm-12 col-xs-12\">\n\t\t\t<div class=\"input-group m-0\">\n\t\t\t\t<p><span class=\"wpcf7-form-control-wrap\" data-name=\"email\"><input size=\"40\" maxlength=\"400\" class=\"wpcf7-form-control wpcf7-email wpcf7-validates-as-required wpcf7-text wpcf7-validates-as-email\" aria-required=\"true\" aria-invalid=\"false\" placeholder=\"Email *\" value=\"\" type=\"email\" name=\"email\" \/><\/span>\n\t\t\t\t<\/p>\n\t\t\t<\/div>\n\t\t<\/div>\n\t<\/div>\n\t<div class=\"row\">\n\t\t<div class=\"col-lg-12 col-md-12 col-sm-12 col-xs-12\">\n\t\t\t<div class=\"input-group m-0\">\n\t\t\t\t<p><span class=\"wpcf7-form-control-wrap\" data-name=\"phone-number\"><input size=\"40\" maxlength=\"400\" class=\"wpcf7-form-control wpcf7-tel wpcf7-validates-as-required wpcf7-text wpcf7-validates-as-tel\" aria-required=\"true\" aria-invalid=\"false\" placeholder=\"Phone Number*\" value=\"\" type=\"tel\" name=\"phone-number\" \/><\/span>\n\t\t\t\t<\/p>\n\t\t\t<\/div>\n\t\t<\/div>\n\t<\/div>\n\t<div class=\"row\">\n\t\t<div class=\"col-lg-12 col-md-12 col-sm-12 col-xs-12\">\n\t\t\t<div class=\"input-group m-0\">\n\t\t\t\t<p><span class=\"wpcf7-form-control-wrap\" data-name=\"textarea\"><textarea cols=\"40\" rows=\"10\" maxlength=\"2000\" class=\"wpcf7-form-control wpcf7-textarea textarea\" aria-invalid=\"false\" placeholder=\"Additional Message\" name=\"textarea\"><\/textarea><\/span>\n\t\t\t\t<\/p>\n\t\t\t<\/div>\n\t\t<\/div>\n\t<\/div>\n\t<div class=\"row\">\n\t\t<div class=\"col-lg-12 col-md-12 col-sm-12 col-xs-12\">\n\t\t\t<div class=\"input-group submit-btn\">\n\t\t\t\t<div id=\"cf7sr-69e01287a9f07\" class=\"cf7sr-g-recaptcha\" data-theme=\"light\" data-type=\"image\" data-size=\"normal\" data-sitekey=\"6LeE4CIqAAAAAHa3hJvOpj3iybr-QAdv6TrJ55qV\"><\/div><span class=\"wpcf7-form-control-wrap cf7sr-recaptcha\" data-name=\"cf7sr-recaptcha\"><input type=\"hidden\" name=\"cf7sr-recaptcha\" value=\"\" class=\"wpcf7-form-control\"><\/span><br \/>\n<input class=\"wpcf7-form-control wpcf7-submit has-spinner button\" type=\"submit\" value=\"submit\" \/>\n\t\t\t\t<\/p>\n\t\t\t<\/div>\n\t\t<\/div>\n\t<\/div>\n<\/div><div class=\"wpcf7-response-output\" aria-hidden=\"true\"><\/div>\n<\/form>\n<\/div>\n[\/vc_column][\/vc_row][vc_row css=&#8221;.vc_custom_1449207080478{margin-bottom: 60px !important;}&#8221;][vc_column offset=&#8221;vc_col-lg-12 vc_col-md-12&#8243; css=&#8221;.vc_custom_1717070730627{margin-bottom: 30px !important;}&#8221;][vc_column_text]<\/p>\n<h2>Palvelumme sis\u00e4lt\u00e4v\u00e4t<\/h2>\n<ul>\n<li>Terminaalitoiminnot: Hallinnoimme terminaalitoimintoja tehokkaasti, varmistaen pakettien, l\u00e4hetysten ja rahtien sujuvan k\u00e4sittelyn tiloissamme.<\/li>\n<li>Toimituspalvelut: Asiantunteva toimitustiimimme varmistaa pakettien oikeaaikaisen ja turvallisen toimituksen m\u00e4\u00e4r\u00e4np\u00e4\u00e4h\u00e4ns\u00e4, hy\u00f6dynt\u00e4en edistyneit\u00e4 seurantaja reititysteknologioita toimitusreittien optimointiin ja kuljetusaikojen minimointiin.<\/li>\n<li>Asiakassuhteet: Teemme tiivist\u00e4 yhteisty\u00f6t\u00e4 arvostettujen asiakkaiden, kuten postitoimistojen ja FedExin kanssa, ymm\u00e4rt\u00e4\u00e4ksemme heid\u00e4n erityistarpeensa ja r\u00e4\u00e4t\u00e4l\u00f6imme palvelumme vastaamaan niit\u00e4 tehokkaasti.<\/li>\n<li>Laatuvakuutus: Pid\u00e4mme yll\u00e4 tiukkoja laatustandardeja kaikissa toiminnoissamme, suorittaen s\u00e4\u00e4nn\u00f6llisi\u00e4 tarkastuksia ja auditointeja varmistaaksemme, ett\u00e4 kaikki l\u00e4hetykset k\u00e4sitell\u00e4\u00e4n huolellisesti ja toimitetaan optimaalisessa kunnossa.<\/li>\n<li>Asiakaspalvelu: Omistautunut asiakaspalvelutiimimme on valmis tarjoamaan tukea ja apua sek\u00e4 asiakkaille ett\u00e4 vastaanottajille, varmistaen sujuvan ja vaivattoman kokemuksen alusta loppuun.<\/li>\n<\/ul>\n<p style=\"text-align: left;\"><span style=\"font-size: 10pt;\">SABATECH INTERNATIONAL OY:ss\u00e4 olemme ylpeit\u00e4 erinomaisesta maineestamme logistiikkapalveluissa. Luota meihin kaikissa terminaali- ja toimitustarpeissasi, ja koe ero, jonka asiantuntemuksemme ja omistautumisemme voivat tuoda liiketoimintaasi.<\/span><\/p>\n<p>[\/vc_column_text][\/vc_column][\/vc_row][vc_row full_width=&#8221;stretch_row_content_no_spaces&#8221; el_class=&#8221;secondary_bg_color convert_to_table services_icons&#8221; css=&#8221;.vc_custom_1449204239642{margin-bottom: 0px !important;}&#8221;][vc_column css=&#8221;.vc_custom_1717073850689{padding-top: 75px !important;padding-right: 75px !important;padding-bottom: 75px !important;padding-left: 75px !important;}&#8221; offset=&#8221;vc_col-lg-4 vc_col-md-12&#8243; el_class=&#8221;service-col&#8221;][stm_icon icon_size=&#8221;67&#8243; icon_height=&#8221;90&#8243; title_font_size=&#8221;24&#8243; title_font_weight=&#8221;700&#8243; align=&#8221;center&#8221; icon=&#8221;stm-security&#8221; title=&#8221;urvallinen ja varma&#8221; text=&#8221;Asiakkaidemme l\u00e4hetyksien ja toimintojen turvallisuus on meille ensisijaisen t\u00e4rke\u00e4\u00e4.&#8221; icon_color=&#8221;#ffffff&#8221; title_color=&#8221;#ffffff&#8221; text_color=&#8221;#ffffff&#8221;][\/vc_column][vc_column css=&#8221;.vc_custom_1717138500114{padding-top: 75px !important;padding-right: 75px !important;padding-bottom: 75px !important;padding-left: 75px !important;}&#8221; offset=&#8221;vc_col-lg-4 vc_col-md-12&#8243; el_class=&#8221;service-col&#8221;][stm_icon icon_size=&#8221;67&#8243; icon_height=&#8221;90&#8243; title_font_size=&#8221;24&#8243; title_font_weight=&#8221;700&#8243; align=&#8221;center&#8221; icon=&#8221;stm-fast-delivery&#8221; title=&#8221;Nopea toimitus&#8221; text=&#8221;Tarjoamme nopeat ja tehokkaat toimituspalvelut vastataksemme liiketoimintatarpeisiisi.&#8221; icon_color=&#8221;#ffffff&#8221; title_color=&#8221;#ffffff&#8221; text_color=&#8221;#ffffff&#8221;][\/vc_column][vc_column css=&#8221;.vc_custom_1717073867498{padding-top: 75px !important;padding-right: 75px !important;padding-bottom: 75px !important;padding-left: 75px !important;background-color: rgba(0,0,0,0.2) !important;*background-color: rgb(0,0,0) !important;}&#8221; offset=&#8221;vc_col-lg-4 vc_col-md-12&#8243; el_class=&#8221;service-col&#8221;][stm_icon icon_size=&#8221;67&#8243; icon_height=&#8221;90&#8243; title_font_size=&#8221;24&#8243; title_font_weight=&#8221;700&#8243; align=&#8221;center&#8221; icon=&#8221;stm-support&#8221; title=&#8221;24\/7 tuki&#8221; text=&#8221;Omistautunut tiimimme tarjoaa ymp\u00e4ri vuorokauden apua ja tukea kaikkiin palvelukysymyksiisi. N\u00e4m\u00e4 sitoumukset ovat olennainen osa missiotamme tarjota poikkeuksellisia logistiikkaratkaisuja, jotka on r\u00e4\u00e4t\u00e4l\u00f6ity juuri sinun tarpeisiisi.&#8221; icon_color=&#8221;#ffffff&#8221; title_color=&#8221;#ffffff&#8221; text_color=&#8221;#ffffff&#8221;][\/vc_column][\/vc_row]<\/p>\n<\/div>","protected":false},"excerpt":{"rendered":"<p>[vc_row css=&#8221;.vc_custom_1449207080478{margin-bottom: 60px !important;}&#8221;][vc_column offset=&#8221;vc_col-lg-6 vc_col-md-6&#8243; css=&#8221;.vc_custom_1716984644333{margin-bottom: 30px !important;}&#8221;][vc_column_text] Logistiikan erinomaisuus SABATECH INTERNATIONAL OY on johtava logistiikkayritys, joka on erikoistunut terminaali- ja toimituspalveluihin arvostetuille asiakkaille, kuten postitoimistoille. Panostamme luotettavuuteen, tehokkuuteen ja asiakastyytyv\u00e4isyyteen, ja&#8230;<\/p>\n","protected":false},"author":1,"featured_media":0,"parent":0,"menu_order":0,"comment_status":"closed","ping_status":"closed","template":"","meta":{"footnotes":""},"class_list":["post-1712","page","type-page","status-publish","hentry"],"yoast_head":"<!-- This site is optimized with the Yoast SEO plugin v23.2 - https:\/\/yoast.com\/wordpress\/plugins\/seo\/ -->\n<title>Logistiikan erinomaisuus - Sabatech<\/title>\n<meta name=\"robots\" content=\"index, follow, max-snippet:-1, max-image-preview:large, max-video-preview:-1\" \/>\n<link rel=\"canonical\" href=\"https:\/\/sabatechinternational.fi\/fi\/logistiikan-erinomaisuus\/\" \/>\n<meta property=\"og:locale\" content=\"fi_FI\" \/>\n<meta property=\"og:type\" content=\"article\" \/>\n<meta property=\"og:title\" content=\"Logistiikan erinomaisuus - Sabatech\" \/>\n<meta property=\"og:description\" content=\"[vc_row css=&#8221;.vc_custom_1449207080478{margin-bottom: 60px !important;}&#8221;][vc_column offset=&#8221;vc_col-lg-6 vc_col-md-6&#8243; css=&#8221;.vc_custom_1716984644333{margin-bottom: 30px !important;}&#8221;][vc_column_text] Logistiikan erinomaisuus SABATECH INTERNATIONAL OY on johtava logistiikkayritys, joka on erikoistunut terminaali- ja toimituspalveluihin arvostetuille asiakkaille, kuten postitoimistoille. Panostamme luotettavuuteen, tehokkuuteen ja asiakastyytyv\u00e4isyyteen, ja...\" \/>\n<meta property=\"og:url\" content=\"https:\/\/sabatechinternational.fi\/fi\/logistiikan-erinomaisuus\/\" \/>\n<meta property=\"og:site_name\" content=\"Sabatech\" \/>\n<meta property=\"article:modified_time\" content=\"2024-10-24T09:23:50+00:00\" \/>\n<meta name=\"twitter:card\" content=\"summary_large_image\" \/>\n<meta name=\"twitter:label1\" content=\"Arvioitu lukuaika\" \/>\n\t<meta name=\"twitter:data1\" content=\"2 minuuttia\" \/>\n<script type=\"application\/ld+json\" class=\"yoast-schema-graph\">{\"@context\":\"https:\/\/schema.org\",\"@graph\":[{\"@type\":\"WebPage\",\"@id\":\"https:\/\/sabatechinternational.fi\/fi\/logistiikan-erinomaisuus\/\",\"url\":\"https:\/\/sabatechinternational.fi\/fi\/logistiikan-erinomaisuus\/\",\"name\":\"Logistiikan erinomaisuus - Sabatech\",\"isPartOf\":{\"@id\":\"https:\/\/sabatechinternational.fi\/#website\"},\"datePublished\":\"2024-05-29T05:11:39+00:00\",\"dateModified\":\"2024-10-24T09:23:50+00:00\",\"breadcrumb\":{\"@id\":\"https:\/\/sabatechinternational.fi\/fi\/logistiikan-erinomaisuus\/#breadcrumb\"},\"inLanguage\":\"fi\",\"potentialAction\":[{\"@type\":\"ReadAction\",\"target\":[\"https:\/\/sabatechinternational.fi\/fi\/logistiikan-erinomaisuus\/\"]}]},{\"@type\":\"BreadcrumbList\",\"@id\":\"https:\/\/sabatechinternational.fi\/fi\/logistiikan-erinomaisuus\/#breadcrumb\",\"itemListElement\":[{\"@type\":\"ListItem\",\"position\":1,\"name\":\"Home\",\"item\":\"https:\/\/sabatechinternational.fi\/\"},{\"@type\":\"ListItem\",\"position\":2,\"name\":\"Logistiikan erinomaisuus\"}]},{\"@type\":\"WebSite\",\"@id\":\"https:\/\/sabatechinternational.fi\/#website\",\"url\":\"https:\/\/sabatechinternational.fi\/\",\"name\":\"Sabatech\",\"description\":\"Sabatech\",\"potentialAction\":[{\"@type\":\"SearchAction\",\"target\":{\"@type\":\"EntryPoint\",\"urlTemplate\":\"https:\/\/sabatechinternational.fi\/?s={search_term_string}\"},\"query-input\":\"required name=search_term_string\"}],\"inLanguage\":\"fi\"}]}<\/script>\n<!-- \/ Yoast SEO plugin. -->","yoast_head_json":{"title":"Logistiikan erinomaisuus - Sabatech","robots":{"index":"index","follow":"follow","max-snippet":"max-snippet:-1","max-image-preview":"max-image-preview:large","max-video-preview":"max-video-preview:-1"},"canonical":"https:\/\/sabatechinternational.fi\/fi\/logistiikan-erinomaisuus\/","og_locale":"fi_FI","og_type":"article","og_title":"Logistiikan erinomaisuus - Sabatech","og_description":"[vc_row css=&#8221;.vc_custom_1449207080478{margin-bottom: 60px !important;}&#8221;][vc_column offset=&#8221;vc_col-lg-6 vc_col-md-6&#8243; css=&#8221;.vc_custom_1716984644333{margin-bottom: 30px !important;}&#8221;][vc_column_text] Logistiikan erinomaisuus SABATECH INTERNATIONAL OY on johtava logistiikkayritys, joka on erikoistunut terminaali- ja toimituspalveluihin arvostetuille asiakkaille, kuten postitoimistoille. Panostamme luotettavuuteen, tehokkuuteen ja asiakastyytyv\u00e4isyyteen, ja...","og_url":"https:\/\/sabatechinternational.fi\/fi\/logistiikan-erinomaisuus\/","og_site_name":"Sabatech","article_modified_time":"2024-10-24T09:23:50+00:00","twitter_card":"summary_large_image","twitter_misc":{"Arvioitu lukuaika":"2 minuuttia"},"schema":{"@context":"https:\/\/schema.org","@graph":[{"@type":"WebPage","@id":"https:\/\/sabatechinternational.fi\/fi\/logistiikan-erinomaisuus\/","url":"https:\/\/sabatechinternational.fi\/fi\/logistiikan-erinomaisuus\/","name":"Logistiikan erinomaisuus - Sabatech","isPartOf":{"@id":"https:\/\/sabatechinternational.fi\/#website"},"datePublished":"2024-05-29T05:11:39+00:00","dateModified":"2024-10-24T09:23:50+00:00","breadcrumb":{"@id":"https:\/\/sabatechinternational.fi\/fi\/logistiikan-erinomaisuus\/#breadcrumb"},"inLanguage":"fi","potentialAction":[{"@type":"ReadAction","target":["https:\/\/sabatechinternational.fi\/fi\/logistiikan-erinomaisuus\/"]}]},{"@type":"BreadcrumbList","@id":"https:\/\/sabatechinternational.fi\/fi\/logistiikan-erinomaisuus\/#breadcrumb","itemListElement":[{"@type":"ListItem","position":1,"name":"Home","item":"https:\/\/sabatechinternational.fi\/"},{"@type":"ListItem","position":2,"name":"Logistiikan erinomaisuus"}]},{"@type":"WebSite","@id":"https:\/\/sabatechinternational.fi\/#website","url":"https:\/\/sabatechinternational.fi\/","name":"Sabatech","description":"Sabatech","potentialAction":[{"@type":"SearchAction","target":{"@type":"EntryPoint","urlTemplate":"https:\/\/sabatechinternational.fi\/?s={search_term_string}"},"query-input":"required name=search_term_string"}],"inLanguage":"fi"}]}},"_links":{"self":[{"href":"https:\/\/sabatechinternational.fi\/fi\/wp-json\/wp\/v2\/pages\/1712","targetHints":{"allow":["GET"]}}],"collection":[{"href":"https:\/\/sabatechinternational.fi\/fi\/wp-json\/wp\/v2\/pages"}],"about":[{"href":"https:\/\/sabatechinternational.fi\/fi\/wp-json\/wp\/v2\/types\/page"}],"author":[{"embeddable":true,"href":"https:\/\/sabatechinternational.fi\/fi\/wp-json\/wp\/v2\/users\/1"}],"replies":[{"embeddable":true,"href":"https:\/\/sabatechinternational.fi\/fi\/wp-json\/wp\/v2\/comments?post=1712"}],"version-history":[{"count":13,"href":"https:\/\/sabatechinternational.fi\/fi\/wp-json\/wp\/v2\/pages\/1712\/revisions"}],"predecessor-version":[{"id":2039,"href":"https:\/\/sabatechinternational.fi\/fi\/wp-json\/wp\/v2\/pages\/1712\/revisions\/2039"}],"wp:attachment":[{"href":"https:\/\/sabatechinternational.fi\/fi\/wp-json\/wp\/v2\/media?parent=1712"}],"curies":[{"name":"wp","href":"https:\/\/api.w.org\/{rel}","templated":true}]}}