{"id":1716,"date":"2024-05-29T05:12:04","date_gmt":"2024-05-29T05:12:04","guid":{"rendered":"https:\/\/sabatechinternational.fi\/johtajien-kuljetuspalvelut\/"},"modified":"2024-06-10T12:43:00","modified_gmt":"2024-06-10T12:43:00","slug":"johtajien-kuljetuspalvelut","status":"publish","type":"page","link":"https:\/\/sabatechinternational.fi\/fi\/johtajien-kuljetuspalvelut\/","title":{"rendered":"Johtajien kuljetuspalvelut"},"content":{"rendered":"<div class=\"wpb-content-wrapper\"><p>[vc_row css=&#8221;.vc_custom_1449207080478{margin-bottom: 60px !important;}&#8221;][vc_column offset=&#8221;vc_col-lg-6 vc_col-md-6&#8243; css=&#8221;.vc_custom_1716984485014{margin-bottom: 30px !important;}&#8221;][vc_column_text]<\/p>\n<h1>Johtajien kuljetuspalvelut<\/h1>\n<p>Nauti ylellisest\u00e4 ja t\u00e4sm\u00e4llisest\u00e4 kuljetuksesta johtajien taksipalvelullamme, joka on suunniteltu vastaamaan organisaatiosi ammattilaisten ja johtajien tarpeita.<\/p>\n<p>SABATECH INTERNATIONAL OY ymm\u00e4rt\u00e4\u00e4 huippuluokan kuljetusratkaisujen merkityksen asiakkaillemme. Siksi tarjoamme johtajien nouto- ja kuljetuspalvelua, joka on suunniteltu vastaamaan organisaatiosi ammattilaisten ja johtajien tarpeisiin.<\/p>\n<p>Johtajien taksipalvelumme on r\u00e4\u00e4t\u00e4l\u00f6ity tarjoamaan saumattoman ja ylellisen kuljetuskokemuksen. Tarvitsetpa kuljetusta lentokent\u00e4lle, kokouksiin tai muihin liiketapaamisiin, premium-ajoneuvojemme ja ammattitaitoisten kuljettajiemme palvelut ovat k\u00e4ytett\u00e4viss\u00e4si.<\/p>\n<p>Ymm\u00e4rr\u00e4mme, ett\u00e4 t\u00e4sm\u00e4llisyys ja luotettavuus ovat ensisijaisen t\u00e4rkeit\u00e4 johtajien kuljetuspalveluissa. Siksi kuljettajamme ovat koulutettuja navigoimaan tehokkaasti liikenteess\u00e4 ja varmistamaan, ett\u00e4 saavutat m\u00e4\u00e4r\u00e4np\u00e4\u00e4si ajoissa, joka kerta.<\/p>\n<p>SABATECH INTERNATIONAL OY:n johtajien nouto- ja kuljetuspalvelun avulla voit odottaa korkeimpia ammattitaidon, mukavuuden ja k\u00e4tevyyden standardeja. Istu alas, rentoudu ja anna meid\u00e4n huolehtia kuljetustarpeistasi, jotta voit keskitty\u00e4 siihen, mik\u00e4 on todella t\u00e4rke\u00e4\u00e4\u2014 liiketoimintaasi.[\/vc_column_text][\/vc_column][vc_column offset=&#8221;vc_col-lg-6 vc_col-md-6&#8243; css=&#8221;.vc_custom_1716984523383{margin-bottom: 30px !important;}&#8221;]\n<div class=\"wpcf7 no-js\" id=\"wpcf7-f1406-o1\" lang=\"en-US\" dir=\"ltr\">\n<div class=\"screen-reader-response\"><p role=\"status\" aria-live=\"polite\" aria-atomic=\"true\"><\/p> <ul><\/ul><\/div>\n<form action=\"\/fi\/wp-json\/wp\/v2\/pages\/1716#wpcf7-f1406-o1\" method=\"post\" class=\"wpcf7-form init\" aria-label=\"Contact form\" novalidate=\"novalidate\" data-status=\"init\">\n<div style=\"display: none;\">\n<input type=\"hidden\" name=\"_wpcf7\" value=\"1406\" \/>\n<input type=\"hidden\" name=\"_wpcf7_version\" value=\"5.9.8\" \/>\n<input type=\"hidden\" name=\"_wpcf7_locale\" value=\"en_US\" \/>\n<input type=\"hidden\" name=\"_wpcf7_unit_tag\" value=\"wpcf7-f1406-o1\" \/>\n<input type=\"hidden\" name=\"_wpcf7_container_post\" value=\"0\" \/>\n<input type=\"hidden\" name=\"_wpcf7_posted_data_hash\" value=\"\" \/>\n<\/div>\n<div class=\"contact_form\">\n\t<div class=\"row\">\n\t\t<div class=\"col-lg-12 col-md-12 col-sm-12 col-xs-12\">\n\t\t\t<div class=\"input-group m-0\">\n\t\t\t\t<p><label>Name<\/label><br \/>\n<span class=\"wpcf7-form-control-wrap\" data-name=\"full-name\"><input size=\"40\" maxlength=\"400\" class=\"wpcf7-form-control wpcf7-text wpcf7-validates-as-required\" aria-required=\"true\" aria-invalid=\"false\" placeholder=\"Name *\" value=\"\" type=\"text\" name=\"full-name\" \/><\/span>\n\t\t\t\t<\/p>\n\t\t\t<\/div>\n\t\t<\/div>\n\t\t<div class=\"col-lg-12 col-md-12 col-sm-12 col-xs-12\">\n\t\t\t<p><label>Email<\/label><br \/>\n<span class=\"wpcf7-form-control-wrap\" data-name=\"email\"><input size=\"40\" maxlength=\"400\" class=\"wpcf7-form-control wpcf7-email wpcf7-validates-as-required wpcf7-text wpcf7-validates-as-email\" aria-required=\"true\" aria-invalid=\"false\" placeholder=\"Email *\" value=\"\" type=\"email\" name=\"email\" \/><\/span>\n\t\t\t<\/p>\n\t\t<\/div>\n\t\t<div class=\"col-lg-6 col-md-6 col-sm-6 col-xs-12\">\n\t\t\t<p><label>Phone Number<\/label><br \/>\n<span class=\"wpcf7-form-control-wrap\" data-name=\"phone-number\"><input size=\"40\" maxlength=\"400\" class=\"wpcf7-form-control wpcf7-tel wpcf7-validates-as-required wpcf7-text wpcf7-validates-as-tel\" aria-required=\"true\" aria-invalid=\"false\" placeholder=\"Phone Number*\" value=\"\" type=\"tel\" name=\"phone-number\" \/><\/span>\n\t\t\t<\/p>\n\t\t<\/div>\n\t\t<div class=\"col-lg-6 col-md-6 col-sm-6 col-xs-12\">\n\t\t\t<p><label>Booking Type<\/label><br \/>\n<span class=\"wpcf7-form-control-wrap\" data-name=\"booking\"><select class=\"wpcf7-form-control wpcf7-select wpcf7-validates-as-required\" aria-required=\"true\" aria-invalid=\"false\" name=\"booking\"><option value=\"\">&#8212;Please choose an option&#8212;<\/option><option value=\"Hourly\">Hourly<\/option><option value=\"Whole Day\">Whole Day<\/option><option value=\"Multi Day\">Multi Day<\/option><\/select><\/span>\n\t\t\t<\/p>\n\t\t<\/div>\n\t<\/div>\n\t<div class=\"row\">\n\t\t<div class=\"col-lg-6 col-md-6 col-sm-6 col-xs-12\">\n\t\t\t<div class=\"input-group m-0\">\n\t\t\t\t<p><label>Start Date<\/label><br \/>\n<span class=\"wpcf7-form-control-wrap\" data-name=\"start-date\"><input class=\"wpcf7-form-control wpcf7-date wpcf7-validates-as-required wpcf7-validates-as-date\" aria-required=\"true\" aria-invalid=\"false\" value=\"\" type=\"date\" name=\"start-date\" \/><\/span>\n\t\t\t\t<\/p>\n\t\t\t<\/div>\n\t\t<\/div>\n\t\t<div class=\"col-lg-6 col-md-6 col-sm-6 col-xs-12\">\n\t\t\t<div class=\"input-group m-0\">\n\t\t\t\t<p><label>End Date<\/label><br \/>\n<span class=\"wpcf7-form-control-wrap\" data-name=\"end-date\"><input class=\"wpcf7-form-control wpcf7-date wpcf7-validates-as-required wpcf7-validates-as-date\" aria-required=\"true\" aria-invalid=\"false\" value=\"\" type=\"date\" name=\"end-date\" \/><\/span>\n\t\t\t\t<\/p>\n\t\t\t<\/div>\n\t\t<\/div>\n\t<\/div>\n\t<div class=\"row\">\n\t\t<div class=\"col-lg-6 col-md-6 col-sm-6 col-xs-12\">\n\t\t\t<div class=\"input-group pickup\">\n\t\t\t\t<p><label>Pickup Time<\/label><br \/>\n<span class=\"wpcf7-form-control-wrap\" data-name=\"pickup\"><select class=\"wpcf7-form-control wpcf7-select wpcf7-validates-as-required pickup\" aria-required=\"true\" aria-invalid=\"false\" name=\"pickup\"><option value=\"01:00\">01:00<\/option><option value=\"02:00\">02:00<\/option><option value=\"03:00\">03:00<\/option><option value=\"04:00\">04:00<\/option><option value=\"05:00\">05:00<\/option><option value=\"06:00\">06:00<\/option><option value=\"07:00\">07:00<\/option><option value=\"08:00\">08:00<\/option><option value=\"09:00\">09:00<\/option><option value=\"10:00\">10:00<\/option><option value=\"11:00\">11:00<\/option><option value=\"12:00\">12:00<\/option><option value=\"13:00\">13:00<\/option><option value=\"14:00\">14:00<\/option><option value=\"15:00\">15:00<\/option><option value=\"16:00\">16:00<\/option><option value=\"17:00\">17:00<\/option><option value=\"18:00\">18:00<\/option><option value=\"19:00\">19:00<\/option><option value=\"20:00\">20:00<\/option><option value=\"21:00\">21:00<\/option><option value=\"22:00\">22:00<\/option><option value=\"23:00\">23:00<\/option><option value=\"00:00\">00:00<\/option><\/select><\/span>\n\t\t\t\t<\/p>\n\t\t\t<\/div>\n\t\t<\/div>\n\t\t<div class=\"col-lg-6 col-md-6 col-sm-6 col-xs-12\">\n\t\t\t<div class=\"input-group drop\">\n\t\t\t\t<p><label>Drop Time<\/label><br \/>\n<span class=\"wpcf7-form-control-wrap\" data-name=\"drop\"><select class=\"wpcf7-form-control wpcf7-select wpcf7-validates-as-required drop\" aria-required=\"true\" aria-invalid=\"false\" name=\"drop\"><option value=\"01:00\">01:00<\/option><option value=\"02:00\">02:00<\/option><option value=\"03:00\">03:00<\/option><option value=\"04:00\">04:00<\/option><option value=\"05:00\">05:00<\/option><option value=\"06:00\">06:00<\/option><option value=\"07:00\">07:00<\/option><option value=\"08:00\">08:00<\/option><option value=\"09:00\">09:00<\/option><option value=\"10:00\">10:00<\/option><option value=\"11:00\">11:00<\/option><option value=\"12:00\">12:00<\/option><option value=\"13:00\">13:00<\/option><option value=\"14:00\">14:00<\/option><option value=\"15:00\">15:00<\/option><option value=\"16:00\">16:00<\/option><option value=\"17:00\">17:00<\/option><option value=\"18:00\">18:00<\/option><option value=\"19:00\">19:00<\/option><option value=\"20:00\">20:00<\/option><option value=\"21:00\">21:00<\/option><option value=\"22:00\">22:00<\/option><option value=\"23:00\">23:00<\/option><option value=\"00:00\">00:00<\/option><\/select><\/span>\n\t\t\t\t<\/p>\n\t\t\t<\/div>\n\t\t<\/div>\n\t<\/div>\n\t<div class=\"row\">\n\t\t<div class=\"col-lg-12 col-md-12 col-sm-12 col-xs-12\">\n\t\t\t<div class=\"input-group m-0\">\n\t\t\t\t<p><label>Additional Message<\/label><br \/>\n<span class=\"wpcf7-form-control-wrap\" data-name=\"textarea\"><textarea cols=\"40\" rows=\"10\" maxlength=\"2000\" class=\"wpcf7-form-control wpcf7-textarea textarea\" aria-invalid=\"false\" placeholder=\"\" name=\"textarea\"><\/textarea><\/span>\n\t\t\t\t<\/p>\n\t\t\t<\/div>\n\t\t<\/div>\n\t<\/div>\n\t<div class=\"row\">\n\t\t<div class=\"col-lg-12 col-md-12 col-sm-12 col-xs-12\">\n\t\t\t<div class=\"submit-btn\">\n\t\t\t\t<div id=\"cf7sr-69e013664ee23\" class=\"cf7sr-g-recaptcha\" data-theme=\"light\" data-type=\"image\" data-size=\"normal\" data-sitekey=\"6LeE4CIqAAAAAHa3hJvOpj3iybr-QAdv6TrJ55qV\"><\/div><span class=\"wpcf7-form-control-wrap cf7sr-recaptcha\" data-name=\"cf7sr-recaptcha\"><input type=\"hidden\" name=\"cf7sr-recaptcha\" value=\"\" class=\"wpcf7-form-control\"><\/span><br \/>\n<input class=\"wpcf7-form-control wpcf7-submit has-spinner button\" type=\"submit\" value=\"submit\" \/>\n\t\t\t\t<\/p>\n\t\t\t<\/div>\n\t\t<\/div>\n\t<\/div>\n<\/div><div class=\"wpcf7-response-output\" aria-hidden=\"true\"><\/div>\n<\/form>\n<\/div>\n[\/vc_column][\/vc_row][vc_row full_width=&#8221;stretch_row_content_no_spaces&#8221; el_class=&#8221;secondary_bg_color convert_to_table services_icons&#8221; css=&#8221;.vc_custom_1449204239642{margin-bottom: 0px !important;}&#8221;][vc_column css=&#8221;.vc_custom_1717048618431{padding-top: 75px !important;padding-right: 75px !important;padding-bottom: 75px !important;padding-left: 75px !important;}&#8221; offset=&#8221;vc_col-lg-4 vc_col-md-4&#8243; el_class=&#8221;service-col&#8221;][stm_icon icon_size=&#8221;67&#8243; icon_height=&#8221;90&#8243; title_font_size=&#8221;24&#8243; title_font_weight=&#8221;700&#8243; align=&#8221;center&#8221; icon=&#8221;stm-security&#8221; title=&#8221;Turvallisiin ja luotettaviin toimintoihin&#8221; text=&#8221;Varmistamme kaikkien palvelujemme ja toimintojemme turvallisuuden ja luotettavuuden.&#8221; icon_color=&#8221;#ffffff&#8221; title_color=&#8221;#ffffff&#8221; text_color=&#8221;#ffffff&#8221;][\/vc_column][vc_column css=&#8221;.vc_custom_1717139595231{padding-top: 75px !important;padding-right: 75px !important;padding-bottom: 75px !important;padding-left: 75px !important;}&#8221; offset=&#8221;vc_col-lg-4 vc_col-md-4&#8243; el_class=&#8221;service-col&#8221;][stm_icon icon_size=&#8221;67&#8243; icon_height=&#8221;90&#8243; title_font_size=&#8221;24&#8243; title_font_weight=&#8221;700&#8243; align=&#8221;center&#8221; icon=&#8221;stm-fast-delivery&#8221; title=&#8221;Johtavien johtamisen kuljetuspalvelu&#8221; text=&#8221;Tarjoamme ylellisi\u00e4 ja t\u00e4sm\u00e4llisi\u00e4 kuljetuspalveluita ammattilaisille ja johtajille.&#8221; icon_color=&#8221;#ffffff&#8221; title_color=&#8221;#ffffff&#8221; text_color=&#8221;#ffffff&#8221;][\/vc_column][vc_column css=&#8221;.vc_custom_1717048642591{padding-top: 75px !important;padding-right: 75px !important;padding-bottom: 75px !important;padding-left: 75px !important;background-color: rgba(0,0,0,0.2) !important;*background-color: rgb(0,0,0) !important;}&#8221; offset=&#8221;vc_col-lg-4 vc_col-md-4&#8243; el_class=&#8221;service-col&#8221;][stm_icon icon_size=&#8221;67&#8243; icon_height=&#8221;90&#8243; title_font_size=&#8221;24&#8243; title_font_weight=&#8221;700&#8243; align=&#8221;center&#8221; icon=&#8221;stm-support&#8221; title=&#8221;24\/7 tuki&#8221; text=&#8221;Tarjoamme ymp\u00e4ri vuorokauden apua ja tukea kaikkiin palvelukyselyihin. N\u00e4m\u00e4 peruspilarit korostavat sitoutumistamme tarjota luotettavia ja korkealaatuisia palveluita, jotka vastaavat asiakkaidemme erityistarpeisiin.&#8221; icon_color=&#8221;#ffffff&#8221; title_color=&#8221;#ffffff&#8221; text_color=&#8221;#ffffff&#8221;][\/vc_column][\/vc_row]<\/p>\n<\/div>","protected":false},"excerpt":{"rendered":"<p>[vc_row css=&#8221;.vc_custom_1449207080478{margin-bottom: 60px !important;}&#8221;][vc_column offset=&#8221;vc_col-lg-6 vc_col-md-6&#8243; css=&#8221;.vc_custom_1716984485014{margin-bottom: 30px !important;}&#8221;][vc_column_text] Johtajien kuljetuspalvelut Nauti ylellisest\u00e4 ja t\u00e4sm\u00e4llisest\u00e4 kuljetuksesta johtajien taksipalvelullamme, joka on suunniteltu vastaamaan organisaatiosi ammattilaisten ja johtajien tarpeita. SABATECH INTERNATIONAL OY ymm\u00e4rt\u00e4\u00e4 huippuluokan kuljetusratkaisujen&#8230;<\/p>\n","protected":false},"author":1,"featured_media":0,"parent":0,"menu_order":0,"comment_status":"closed","ping_status":"closed","template":"","meta":{"footnotes":""},"class_list":["post-1716","page","type-page","status-publish","hentry"],"yoast_head":"<!-- This site is optimized with the Yoast SEO plugin v23.2 - https:\/\/yoast.com\/wordpress\/plugins\/seo\/ -->\n<title>Johtajien kuljetuspalvelut - Sabatech<\/title>\n<meta name=\"robots\" content=\"index, follow, max-snippet:-1, max-image-preview:large, max-video-preview:-1\" \/>\n<link rel=\"canonical\" href=\"https:\/\/sabatechinternational.fi\/executive-transportation-services\/\" \/>\n<meta property=\"og:locale\" content=\"fi_FI\" \/>\n<meta property=\"og:type\" content=\"article\" \/>\n<meta property=\"og:title\" content=\"Johtajien kuljetuspalvelut - Sabatech\" \/>\n<meta property=\"og:description\" content=\"[vc_row css=&#8221;.vc_custom_1449207080478{margin-bottom: 60px !important;}&#8221;][vc_column offset=&#8221;vc_col-lg-6 vc_col-md-6&#8243; css=&#8221;.vc_custom_1716984485014{margin-bottom: 30px !important;}&#8221;][vc_column_text] Johtajien kuljetuspalvelut Nauti ylellisest\u00e4 ja t\u00e4sm\u00e4llisest\u00e4 kuljetuksesta johtajien taksipalvelullamme, joka on suunniteltu vastaamaan organisaatiosi ammattilaisten ja johtajien tarpeita. SABATECH INTERNATIONAL OY ymm\u00e4rt\u00e4\u00e4 huippuluokan kuljetusratkaisujen...\" \/>\n<meta property=\"og:url\" content=\"https:\/\/sabatechinternational.fi\/executive-transportation-services\/\" \/>\n<meta property=\"og:site_name\" content=\"Sabatech\" \/>\n<meta property=\"article:modified_time\" content=\"2024-06-10T12:43:00+00:00\" \/>\n<meta name=\"twitter:card\" content=\"summary_large_image\" \/>\n<meta name=\"twitter:label1\" content=\"Arvioitu lukuaika\" \/>\n\t<meta name=\"twitter:data1\" content=\"2 minuuttia\" \/>\n<script type=\"application\/ld+json\" class=\"yoast-schema-graph\">{\"@context\":\"https:\/\/schema.org\",\"@graph\":[{\"@type\":\"WebPage\",\"@id\":\"https:\/\/sabatechinternational.fi\/executive-transportation-services\/\",\"url\":\"https:\/\/sabatechinternational.fi\/executive-transportation-services\/\",\"name\":\"Johtajien kuljetuspalvelut - Sabatech\",\"isPartOf\":{\"@id\":\"https:\/\/sabatechinternational.fi\/#website\"},\"datePublished\":\"2024-05-29T05:12:04+00:00\",\"dateModified\":\"2024-06-10T12:43:00+00:00\",\"breadcrumb\":{\"@id\":\"https:\/\/sabatechinternational.fi\/executive-transportation-services\/#breadcrumb\"},\"inLanguage\":\"fi\",\"potentialAction\":[{\"@type\":\"ReadAction\",\"target\":[\"https:\/\/sabatechinternational.fi\/executive-transportation-services\/\"]}]},{\"@type\":\"BreadcrumbList\",\"@id\":\"https:\/\/sabatechinternational.fi\/executive-transportation-services\/#breadcrumb\",\"itemListElement\":[{\"@type\":\"ListItem\",\"position\":1,\"name\":\"Home\",\"item\":\"https:\/\/sabatechinternational.fi\/\"},{\"@type\":\"ListItem\",\"position\":2,\"name\":\"Johtajien kuljetuspalvelut\"}]},{\"@type\":\"WebSite\",\"@id\":\"https:\/\/sabatechinternational.fi\/#website\",\"url\":\"https:\/\/sabatechinternational.fi\/\",\"name\":\"Sabatech\",\"description\":\"Sabatech\",\"potentialAction\":[{\"@type\":\"SearchAction\",\"target\":{\"@type\":\"EntryPoint\",\"urlTemplate\":\"https:\/\/sabatechinternational.fi\/?s={search_term_string}\"},\"query-input\":\"required name=search_term_string\"}],\"inLanguage\":\"fi\"}]}<\/script>\n<!-- \/ Yoast SEO plugin. -->","yoast_head_json":{"title":"Johtajien kuljetuspalvelut - Sabatech","robots":{"index":"index","follow":"follow","max-snippet":"max-snippet:-1","max-image-preview":"max-image-preview:large","max-video-preview":"max-video-preview:-1"},"canonical":"https:\/\/sabatechinternational.fi\/executive-transportation-services\/","og_locale":"fi_FI","og_type":"article","og_title":"Johtajien kuljetuspalvelut - Sabatech","og_description":"[vc_row css=&#8221;.vc_custom_1449207080478{margin-bottom: 60px !important;}&#8221;][vc_column offset=&#8221;vc_col-lg-6 vc_col-md-6&#8243; css=&#8221;.vc_custom_1716984485014{margin-bottom: 30px !important;}&#8221;][vc_column_text] Johtajien kuljetuspalvelut Nauti ylellisest\u00e4 ja t\u00e4sm\u00e4llisest\u00e4 kuljetuksesta johtajien taksipalvelullamme, joka on suunniteltu vastaamaan organisaatiosi ammattilaisten ja johtajien tarpeita. SABATECH INTERNATIONAL OY ymm\u00e4rt\u00e4\u00e4 huippuluokan kuljetusratkaisujen...","og_url":"https:\/\/sabatechinternational.fi\/executive-transportation-services\/","og_site_name":"Sabatech","article_modified_time":"2024-06-10T12:43:00+00:00","twitter_card":"summary_large_image","twitter_misc":{"Arvioitu lukuaika":"2 minuuttia"},"schema":{"@context":"https:\/\/schema.org","@graph":[{"@type":"WebPage","@id":"https:\/\/sabatechinternational.fi\/executive-transportation-services\/","url":"https:\/\/sabatechinternational.fi\/executive-transportation-services\/","name":"Johtajien kuljetuspalvelut - Sabatech","isPartOf":{"@id":"https:\/\/sabatechinternational.fi\/#website"},"datePublished":"2024-05-29T05:12:04+00:00","dateModified":"2024-06-10T12:43:00+00:00","breadcrumb":{"@id":"https:\/\/sabatechinternational.fi\/executive-transportation-services\/#breadcrumb"},"inLanguage":"fi","potentialAction":[{"@type":"ReadAction","target":["https:\/\/sabatechinternational.fi\/executive-transportation-services\/"]}]},{"@type":"BreadcrumbList","@id":"https:\/\/sabatechinternational.fi\/executive-transportation-services\/#breadcrumb","itemListElement":[{"@type":"ListItem","position":1,"name":"Home","item":"https:\/\/sabatechinternational.fi\/"},{"@type":"ListItem","position":2,"name":"Johtajien kuljetuspalvelut"}]},{"@type":"WebSite","@id":"https:\/\/sabatechinternational.fi\/#website","url":"https:\/\/sabatechinternational.fi\/","name":"Sabatech","description":"Sabatech","potentialAction":[{"@type":"SearchAction","target":{"@type":"EntryPoint","urlTemplate":"https:\/\/sabatechinternational.fi\/?s={search_term_string}"},"query-input":"required name=search_term_string"}],"inLanguage":"fi"}]}},"_links":{"self":[{"href":"https:\/\/sabatechinternational.fi\/fi\/wp-json\/wp\/v2\/pages\/1716","targetHints":{"allow":["GET"]}}],"collection":[{"href":"https:\/\/sabatechinternational.fi\/fi\/wp-json\/wp\/v2\/pages"}],"about":[{"href":"https:\/\/sabatechinternational.fi\/fi\/wp-json\/wp\/v2\/types\/page"}],"author":[{"embeddable":true,"href":"https:\/\/sabatechinternational.fi\/fi\/wp-json\/wp\/v2\/users\/1"}],"replies":[{"embeddable":true,"href":"https:\/\/sabatechinternational.fi\/fi\/wp-json\/wp\/v2\/comments?post=1716"}],"version-history":[{"count":4,"href":"https:\/\/sabatechinternational.fi\/fi\/wp-json\/wp\/v2\/pages\/1716\/revisions"}],"predecessor-version":[{"id":1766,"href":"https:\/\/sabatechinternational.fi\/fi\/wp-json\/wp\/v2\/pages\/1716\/revisions\/1766"}],"wp:attachment":[{"href":"https:\/\/sabatechinternational.fi\/fi\/wp-json\/wp\/v2\/media?parent=1716"}],"curies":[{"name":"wp","href":"https:\/\/api.w.org\/{rel}","templated":true}]}}