{"id":1718,"date":"2024-05-29T05:12:23","date_gmt":"2024-05-29T05:12:23","guid":{"rendered":"https:\/\/sabatechinternational.fi\/innovatiiviset-it-ratkaisut\/"},"modified":"2024-06-12T10:31:52","modified_gmt":"2024-06-12T10:31:52","slug":"innovatiiviset-it-ratkaisut","status":"publish","type":"page","link":"https:\/\/sabatechinternational.fi\/fi\/innovatiiviset-it-ratkaisut\/","title":{"rendered":"Innovatiiviset IT-ratkaisut"},"content":{"rendered":"<div class=\"wpb-content-wrapper\"><p>[vc_row css=&#8221;.vc_custom_1449207080478{margin-bottom: 60px !important;}&#8221;][vc_column offset=&#8221;vc_col-lg-6 vc_col-md-6&#8243; css=&#8221;.vc_custom_1716984554007{margin-bottom: 30px !important;}&#8221;][vc_column_text]<\/p>\n<h2>Innovatiiviset IT-ratkaisut<\/h2>\n<p>Hy\u00f6dynn\u00e4 edistyneit\u00e4 informaatioteknologiaratkaisuja, jotka on r\u00e4\u00e4t\u00e4l\u00f6ity ainutlaatuisiin tarpeisiisi, IT-konsultoinnista ja verkon infrastruktuurista pilvipalveluihin ja kyberturvallisuuteen.<\/p>\n<p>SABATECH INTERNATIONAL OY: Luotettava kumppanisi informaatioteknologiapalveluissa<\/p>\n<p>SABATECH INTERNATIONAL OY on sitoutunut tarjoamaan edistyksellisi\u00e4 informaatioteknologiapalveluja, jotka vastaavat asiakkaidemme kehittyvi\u00e4 tarpeita. Laajan asiantuntemuksemme ja sitoutumisemme erinomaisuuteen ansiosta tarjoamme kattavan valikoiman IT-ratkaisuja, jotka tukevat liiketoimintaasi ja edist\u00e4v\u00e4t innovaatioita.[\/vc_column_text][\/vc_column][vc_column offset=&#8221;vc_col-lg-6 vc_col-md-6&#8243; css=&#8221;.vc_custom_1716984579792{margin-bottom: 30px !important;}&#8221;]\n<div class=\"wpcf7 no-js\" id=\"wpcf7-f1407-o1\" lang=\"en-US\" dir=\"ltr\">\n<div class=\"screen-reader-response\"><p role=\"status\" aria-live=\"polite\" aria-atomic=\"true\"><\/p> <ul><\/ul><\/div>\n<form action=\"\/fi\/wp-json\/wp\/v2\/pages\/1718#wpcf7-f1407-o1\" method=\"post\" class=\"wpcf7-form init\" aria-label=\"Contact form\" novalidate=\"novalidate\" data-status=\"init\">\n<div style=\"display: none;\">\n<input type=\"hidden\" name=\"_wpcf7\" value=\"1407\" \/>\n<input type=\"hidden\" name=\"_wpcf7_version\" value=\"5.9.8\" \/>\n<input type=\"hidden\" name=\"_wpcf7_locale\" value=\"en_US\" \/>\n<input type=\"hidden\" name=\"_wpcf7_unit_tag\" value=\"wpcf7-f1407-o1\" \/>\n<input type=\"hidden\" name=\"_wpcf7_container_post\" value=\"0\" \/>\n<input type=\"hidden\" name=\"_wpcf7_posted_data_hash\" value=\"\" \/>\n<\/div>\n<div class=\"contact_form\">\n\t<div class=\"row\">\n\t\t<div class=\"col-lg-12 col-md-12 col-sm-12 col-xs-12\">\n\t\t\t<div class=\"input-group m-0\">\n\t\t\t\t<p><span class=\"wpcf7-form-control-wrap\" data-name=\"full-name\"><input size=\"40\" maxlength=\"400\" class=\"wpcf7-form-control wpcf7-text wpcf7-validates-as-required\" aria-required=\"true\" aria-invalid=\"false\" placeholder=\"Name *\" value=\"\" type=\"text\" name=\"full-name\" \/><\/span>\n\t\t\t\t<\/p>\n\t\t\t<\/div>\n\t\t<\/div>\n\t<\/div>\n\t<div class=\"row\">\n\t\t<div class=\"col-lg-12 col-md-12 col-sm-12 col-xs-12\">\n\t\t\t<div class=\"input-group m-0\">\n\t\t\t\t<p><span class=\"wpcf7-form-control-wrap\" data-name=\"email\"><input size=\"40\" maxlength=\"400\" class=\"wpcf7-form-control wpcf7-email wpcf7-validates-as-required wpcf7-text wpcf7-validates-as-email\" aria-required=\"true\" aria-invalid=\"false\" placeholder=\"Email *\" value=\"\" type=\"email\" name=\"email\" \/><\/span>\n\t\t\t\t<\/p>\n\t\t\t<\/div>\n\t\t<\/div>\n\t<\/div>\n\t<div class=\"row\">\n\t\t<div class=\"col-lg-12 col-md-12 col-sm-12 col-xs-12\">\n\t\t\t<div class=\"input-group m-0\">\n\t\t\t\t<p><span class=\"wpcf7-form-control-wrap\" data-name=\"phone-number\"><input size=\"40\" maxlength=\"400\" class=\"wpcf7-form-control wpcf7-tel wpcf7-validates-as-required wpcf7-text wpcf7-validates-as-tel\" aria-required=\"true\" aria-invalid=\"false\" placeholder=\"Phone Number*\" value=\"\" type=\"tel\" name=\"phone-number\" \/><\/span>\n\t\t\t\t<\/p>\n\t\t\t<\/div>\n\t\t<\/div>\n\t<\/div>\n\t<div class=\"row\">\n\t\t<div class=\"col-lg-12 col-md-12 col-sm-12 col-xs-12\">\n\t\t\t<div class=\"input-group m-0\">\n\t\t\t\t<p><span class=\"wpcf7-form-control-wrap\" data-name=\"textarea\"><textarea cols=\"40\" rows=\"10\" maxlength=\"2000\" class=\"wpcf7-form-control wpcf7-textarea textarea\" aria-invalid=\"false\" placeholder=\"Additional Message\" name=\"textarea\"><\/textarea><\/span>\n\t\t\t\t<\/p>\n\t\t\t<\/div>\n\t\t<\/div>\n\t<\/div>\n\t<div class=\"row\">\n\t\t<div class=\"col-lg-12 col-md-12 col-sm-12 col-xs-12\">\n\t\t\t<div class=\"input-group submit-btn\">\n\t\t\t\t<div id=\"cf7sr-69e0124ee17a8\" class=\"cf7sr-g-recaptcha\" data-theme=\"light\" data-type=\"image\" data-size=\"normal\" data-sitekey=\"6LeE4CIqAAAAAHa3hJvOpj3iybr-QAdv6TrJ55qV\"><\/div><span class=\"wpcf7-form-control-wrap cf7sr-recaptcha\" data-name=\"cf7sr-recaptcha\"><input type=\"hidden\" name=\"cf7sr-recaptcha\" value=\"\" class=\"wpcf7-form-control\"><\/span><br \/>\n<input class=\"wpcf7-form-control wpcf7-submit has-spinner button\" type=\"submit\" value=\"submit\" \/>\n\t\t\t\t<\/p>\n\t\t\t<\/div>\n\t\t<\/div>\n\t<\/div>\n<\/div><div class=\"wpcf7-response-output\" aria-hidden=\"true\"><\/div>\n<\/form>\n<\/div>\n[\/vc_column][\/vc_row][vc_row css=&#8221;.vc_custom_1449207080478{margin-bottom: 60px !important;}&#8221;][vc_column offset=&#8221;vc_col-lg-12 vc_col-md-12&#8243; css=&#8221;.vc_custom_1717070916268{margin-bottom: 30px !important;}&#8221;][vc_column_text]<\/p>\n<h4>Ammattitaitoinen tiimimme on erikoistunut tarjoamaan monipuolisia ITpalveluja, kuten:<\/h4>\n<ul>\n<li>IT-konsultointi: Tarjoamme asiantuntevaa ohjausta ja strategisia neuvoja, jotka auttavat hy\u00f6dynt\u00e4m\u00e4\u00e4n teknologiaa liiketoimintatavoitteidesi saavuttamiseksi ja kilpailussa pysymiseksi.<\/li>\n<li>Verkkoinfrastruktuuri: Suunnittelemme ja toteutamme vankkoja verkkoinfrastruktuureja sek\u00e4 optimoimme olemassa olevia j\u00e4rjestelmi\u00e4 varmistaaksemme IT-infrastruktuurisi luotettavuuden, laajennettavuuden ja turvallisuuden.<\/li>\n<li>Pilviratkaisut: Pilvipalveluratkaisumme mahdollistavat tietojesi ja sovellustesi turvallisen k\u00e4yt\u00f6n mist\u00e4 tahansa, v\u00e4hent\u00e4en kustannuksia ja lis\u00e4ten joustavuutta.<\/li>\n<li>Kyberturvallisuus: Suojaa arvokkaita omaisuuksiasi ja herkki\u00e4 tietojasi kattavilla kyberturvallisuusratkaisuillamme, joihin kuuluu uhkien tunnistaminen, ennaltaehk\u00e4isy ja reagointi.<\/li>\n<li>Ohjelmistokehitys: Kehit\u00e4mme r\u00e4\u00e4t\u00e4l\u00f6ityj\u00e4 ohjelmistoratkaisuja liiketoimintasi erityisvaatimuksiin, auttaen virtaviivaistamaan prosesseja, parantamaan tehokkuutta ja edist\u00e4m\u00e4\u00e4n kasvua.<\/li>\n<li>IT-tuki: Omistautunut tukitiimimme on saatavilla ymp\u00e4ri vuorokauden tarjoamaan nopeaa apua ja vianm\u00e4\u00e4rityst\u00e4 kaikkiin IT-ongelmiin, varmistaen mahdollisimman v\u00e4h\u00e4iset keskeytykset toiminnassasi.<\/li>\n<\/ul>\n<p>SABATECH INTERNATIONAL OY on sitoutunut tarjoamaan innovatiivisia, luotettavia ja kustannustehokkaita IT-palveluja, jotka auttavat saavuttamaan liiketoimintatavoitteesi ja avaamaan uusia mahdollisuuksia menestykseen. Tee yhteisty\u00f6t\u00e4 kanssamme t\u00e4n\u00e4\u00e4n ja koe ero, jonka asiantuntevat IT-ratkaisut voivat tuoda organisaatiollesi.[\/vc_column_text][\/vc_column][\/vc_row][vc_row full_width=&#8221;stretch_row_content_no_spaces&#8221; el_class=&#8221;secondary_bg_color convert_to_table services_icons&#8221; css=&#8221;.vc_custom_1449204239642{margin-bottom: 0px !important;}&#8221;][vc_column css=&#8221;.vc_custom_1717048695447{padding-top: 75px !important;padding-right: 75px !important;padding-bottom: 75px !important;padding-left: 75px !important;}&#8221; offset=&#8221;vc_col-lg-4 vc_col-md-4&#8243; el_class=&#8221;service-col&#8221;][stm_icon icon_size=&#8221;67&#8243; icon_height=&#8221;90&#8243; title_font_size=&#8221;24&#8243; title_font_weight=&#8221;700&#8243; align=&#8221;center&#8221; icon=&#8221;stm-security&#8221; title=&#8221;Turvallisiin ja luotettaviin palveluihin&#8221; text=&#8221;Takaamme kaikkien toimintojen ja toimitusten turvallisuuden ja luotettavuuden.&#8221; icon_color=&#8221;#ffffff&#8221; title_color=&#8221;#ffffff&#8221; text_color=&#8221;#ffffff&#8221;][\/vc_column][vc_column css=&#8221;.vc_custom_1717140164188{padding-top: 75px !important;padding-right: 75px !important;padding-bottom: 75px !important;padding-left: 75px !important;}&#8221; offset=&#8221;vc_col-lg-4 vc_col-md-4&#8243; el_class=&#8221;service-col&#8221;][stm_icon icon_size=&#8221;67&#8243; icon_height=&#8221;90&#8243; title_font_size=&#8221;24&#8243; title_font_weight=&#8221;700&#8243; align=&#8221;center&#8221; icon=&#8221;stm-clients-worldwide&#8221; title=&#8221;Innovatiiviset IT-ratkaisut&#8221; text=&#8221;Tarjoamme edistyksellisi\u00e4 IT-ratkaisuja, jotka on r\u00e4\u00e4t\u00e4l\u00f6ity yrityksesi tarpeisiin.&#8221; icon_color=&#8221;#ffffff&#8221; title_color=&#8221;#ffffff&#8221; text_color=&#8221;#ffffff&#8221;][\/vc_column][vc_column css=&#8221;.vc_custom_1717048723053{padding-top: 75px !important;padding-right: 75px !important;padding-bottom: 75px !important;padding-left: 75px !important;background-color: rgba(0,0,0,0.2) !important;*background-color: rgb(0,0,0) !important;}&#8221; offset=&#8221;vc_col-lg-4 vc_col-md-4&#8243; el_class=&#8221;service-col&#8221;][stm_icon icon_size=&#8221;67&#8243; icon_height=&#8221;90&#8243; title_font_size=&#8221;24&#8243; title_font_weight=&#8221;700&#8243; align=&#8221;center&#8221; icon=&#8221;stm-support&#8221; title=&#8221;24\/7 tuki&#8221; text=&#8221;Tarjoamme ymp\u00e4ri vuorokauden apua ja tukea kaikkiin palvelupyynt\u00f6ihin. N\u00e4m\u00e4 periaatteet m\u00e4\u00e4rittelev\u00e4t sitoumuksemme tarjota poikkeuksellisia palveluita, jotka t\u00e4ytt\u00e4v\u00e4t korkeimmat luotettavuus- ja innovaatiostandardit.&#8221; icon_color=&#8221;#ffffff&#8221; title_color=&#8221;#ffffff&#8221; text_color=&#8221;#ffffff&#8221;][\/vc_column][\/vc_row]<\/p>\n<\/div>","protected":false},"excerpt":{"rendered":"<p>[vc_row css=&#8221;.vc_custom_1449207080478{margin-bottom: 60px !important;}&#8221;][vc_column offset=&#8221;vc_col-lg-6 vc_col-md-6&#8243; css=&#8221;.vc_custom_1716984554007{margin-bottom: 30px !important;}&#8221;][vc_column_text] Innovatiiviset IT-ratkaisut Hy\u00f6dynn\u00e4 edistyneit\u00e4 informaatioteknologiaratkaisuja, jotka on r\u00e4\u00e4t\u00e4l\u00f6ity ainutlaatuisiin tarpeisiisi, IT-konsultoinnista ja verkon infrastruktuurista pilvipalveluihin ja kyberturvallisuuteen. SABATECH INTERNATIONAL OY: Luotettava kumppanisi informaatioteknologiapalveluissa SABATECH&#8230;<\/p>\n","protected":false},"author":1,"featured_media":0,"parent":0,"menu_order":0,"comment_status":"closed","ping_status":"closed","template":"","meta":{"footnotes":""},"class_list":["post-1718","page","type-page","status-publish","hentry"],"yoast_head":"<!-- This site is optimized with the Yoast SEO plugin v23.2 - https:\/\/yoast.com\/wordpress\/plugins\/seo\/ -->\n<title>Innovatiiviset IT-ratkaisut - Sabatech<\/title>\n<meta name=\"robots\" content=\"index, follow, max-snippet:-1, max-image-preview:large, max-video-preview:-1\" \/>\n<link rel=\"canonical\" href=\"https:\/\/sabatechinternational.fi\/innovative-it-solutions\/\" \/>\n<meta property=\"og:locale\" content=\"fi_FI\" \/>\n<meta property=\"og:type\" content=\"article\" \/>\n<meta property=\"og:title\" content=\"Innovatiiviset IT-ratkaisut - Sabatech\" \/>\n<meta property=\"og:description\" content=\"[vc_row css=&#8221;.vc_custom_1449207080478{margin-bottom: 60px !important;}&#8221;][vc_column offset=&#8221;vc_col-lg-6 vc_col-md-6&#8243; css=&#8221;.vc_custom_1716984554007{margin-bottom: 30px !important;}&#8221;][vc_column_text] Innovatiiviset IT-ratkaisut Hy\u00f6dynn\u00e4 edistyneit\u00e4 informaatioteknologiaratkaisuja, jotka on r\u00e4\u00e4t\u00e4l\u00f6ity ainutlaatuisiin tarpeisiisi, IT-konsultoinnista ja verkon infrastruktuurista pilvipalveluihin ja kyberturvallisuuteen. SABATECH INTERNATIONAL OY: Luotettava kumppanisi informaatioteknologiapalveluissa SABATECH...\" \/>\n<meta property=\"og:url\" content=\"https:\/\/sabatechinternational.fi\/innovative-it-solutions\/\" \/>\n<meta property=\"og:site_name\" content=\"Sabatech\" \/>\n<meta property=\"article:modified_time\" content=\"2024-06-12T10:31:52+00:00\" \/>\n<meta name=\"twitter:card\" content=\"summary_large_image\" \/>\n<meta name=\"twitter:label1\" content=\"Arvioitu lukuaika\" \/>\n\t<meta name=\"twitter:data1\" content=\"3 minuuttia\" \/>\n<script type=\"application\/ld+json\" class=\"yoast-schema-graph\">{\"@context\":\"https:\/\/schema.org\",\"@graph\":[{\"@type\":\"WebPage\",\"@id\":\"https:\/\/sabatechinternational.fi\/innovative-it-solutions\/\",\"url\":\"https:\/\/sabatechinternational.fi\/innovative-it-solutions\/\",\"name\":\"Innovatiiviset IT-ratkaisut - Sabatech\",\"isPartOf\":{\"@id\":\"https:\/\/sabatechinternational.fi\/#website\"},\"datePublished\":\"2024-05-29T05:12:23+00:00\",\"dateModified\":\"2024-06-12T10:31:52+00:00\",\"breadcrumb\":{\"@id\":\"https:\/\/sabatechinternational.fi\/innovative-it-solutions\/#breadcrumb\"},\"inLanguage\":\"fi\",\"potentialAction\":[{\"@type\":\"ReadAction\",\"target\":[\"https:\/\/sabatechinternational.fi\/innovative-it-solutions\/\"]}]},{\"@type\":\"BreadcrumbList\",\"@id\":\"https:\/\/sabatechinternational.fi\/innovative-it-solutions\/#breadcrumb\",\"itemListElement\":[{\"@type\":\"ListItem\",\"position\":1,\"name\":\"Home\",\"item\":\"https:\/\/sabatechinternational.fi\/\"},{\"@type\":\"ListItem\",\"position\":2,\"name\":\"Innovatiiviset IT-ratkaisut\"}]},{\"@type\":\"WebSite\",\"@id\":\"https:\/\/sabatechinternational.fi\/#website\",\"url\":\"https:\/\/sabatechinternational.fi\/\",\"name\":\"Sabatech\",\"description\":\"Sabatech\",\"potentialAction\":[{\"@type\":\"SearchAction\",\"target\":{\"@type\":\"EntryPoint\",\"urlTemplate\":\"https:\/\/sabatechinternational.fi\/?s={search_term_string}\"},\"query-input\":\"required name=search_term_string\"}],\"inLanguage\":\"fi\"}]}<\/script>\n<!-- \/ Yoast SEO plugin. -->","yoast_head_json":{"title":"Innovatiiviset IT-ratkaisut - Sabatech","robots":{"index":"index","follow":"follow","max-snippet":"max-snippet:-1","max-image-preview":"max-image-preview:large","max-video-preview":"max-video-preview:-1"},"canonical":"https:\/\/sabatechinternational.fi\/innovative-it-solutions\/","og_locale":"fi_FI","og_type":"article","og_title":"Innovatiiviset IT-ratkaisut - Sabatech","og_description":"[vc_row css=&#8221;.vc_custom_1449207080478{margin-bottom: 60px !important;}&#8221;][vc_column offset=&#8221;vc_col-lg-6 vc_col-md-6&#8243; css=&#8221;.vc_custom_1716984554007{margin-bottom: 30px !important;}&#8221;][vc_column_text] Innovatiiviset IT-ratkaisut Hy\u00f6dynn\u00e4 edistyneit\u00e4 informaatioteknologiaratkaisuja, jotka on r\u00e4\u00e4t\u00e4l\u00f6ity ainutlaatuisiin tarpeisiisi, IT-konsultoinnista ja verkon infrastruktuurista pilvipalveluihin ja kyberturvallisuuteen. SABATECH INTERNATIONAL OY: Luotettava kumppanisi informaatioteknologiapalveluissa SABATECH...","og_url":"https:\/\/sabatechinternational.fi\/innovative-it-solutions\/","og_site_name":"Sabatech","article_modified_time":"2024-06-12T10:31:52+00:00","twitter_card":"summary_large_image","twitter_misc":{"Arvioitu lukuaika":"3 minuuttia"},"schema":{"@context":"https:\/\/schema.org","@graph":[{"@type":"WebPage","@id":"https:\/\/sabatechinternational.fi\/innovative-it-solutions\/","url":"https:\/\/sabatechinternational.fi\/innovative-it-solutions\/","name":"Innovatiiviset IT-ratkaisut - Sabatech","isPartOf":{"@id":"https:\/\/sabatechinternational.fi\/#website"},"datePublished":"2024-05-29T05:12:23+00:00","dateModified":"2024-06-12T10:31:52+00:00","breadcrumb":{"@id":"https:\/\/sabatechinternational.fi\/innovative-it-solutions\/#breadcrumb"},"inLanguage":"fi","potentialAction":[{"@type":"ReadAction","target":["https:\/\/sabatechinternational.fi\/innovative-it-solutions\/"]}]},{"@type":"BreadcrumbList","@id":"https:\/\/sabatechinternational.fi\/innovative-it-solutions\/#breadcrumb","itemListElement":[{"@type":"ListItem","position":1,"name":"Home","item":"https:\/\/sabatechinternational.fi\/"},{"@type":"ListItem","position":2,"name":"Innovatiiviset IT-ratkaisut"}]},{"@type":"WebSite","@id":"https:\/\/sabatechinternational.fi\/#website","url":"https:\/\/sabatechinternational.fi\/","name":"Sabatech","description":"Sabatech","potentialAction":[{"@type":"SearchAction","target":{"@type":"EntryPoint","urlTemplate":"https:\/\/sabatechinternational.fi\/?s={search_term_string}"},"query-input":"required name=search_term_string"}],"inLanguage":"fi"}]}},"_links":{"self":[{"href":"https:\/\/sabatechinternational.fi\/fi\/wp-json\/wp\/v2\/pages\/1718","targetHints":{"allow":["GET"]}}],"collection":[{"href":"https:\/\/sabatechinternational.fi\/fi\/wp-json\/wp\/v2\/pages"}],"about":[{"href":"https:\/\/sabatechinternational.fi\/fi\/wp-json\/wp\/v2\/types\/page"}],"author":[{"embeddable":true,"href":"https:\/\/sabatechinternational.fi\/fi\/wp-json\/wp\/v2\/users\/1"}],"replies":[{"embeddable":true,"href":"https:\/\/sabatechinternational.fi\/fi\/wp-json\/wp\/v2\/comments?post=1718"}],"version-history":[{"count":6,"href":"https:\/\/sabatechinternational.fi\/fi\/wp-json\/wp\/v2\/pages\/1718\/revisions"}],"predecessor-version":[{"id":1866,"href":"https:\/\/sabatechinternational.fi\/fi\/wp-json\/wp\/v2\/pages\/1718\/revisions\/1866"}],"wp:attachment":[{"href":"https:\/\/sabatechinternational.fi\/fi\/wp-json\/wp\/v2\/media?parent=1718"}],"curies":[{"name":"wp","href":"https:\/\/api.w.org\/{rel}","templated":true}]}}