{"id":1720,"date":"2024-05-29T05:12:41","date_gmt":"2024-05-29T05:12:41","guid":{"rendered":"https:\/\/sabatechinternational.fi\/ensiluokkainen-kiinteistonhoito\/"},"modified":"2024-06-10T13:13:28","modified_gmt":"2024-06-10T13:13:28","slug":"ensiluokkainen-kiinteistonhoito","status":"publish","type":"page","link":"https:\/\/sabatechinternational.fi\/fi\/ensiluokkainen-kiinteistonhoito\/","title":{"rendered":"Ensiluokkainen kiinteist\u00f6nhoito"},"content":{"rendered":"<div class=\"wpb-content-wrapper\"><p>[vc_row css=&#8221;.vc_custom_1449207080478{margin-bottom: 60px !important;}&#8221;][vc_column offset=&#8221;vc_col-lg-6 vc_col-md-6&#8243; css=&#8221;.vc_custom_1716984355748{margin-bottom: 30px !important;}&#8221;][vc_column_text]<\/p>\n<h1>Ensiluokkainen kiinteist\u00f6nhoito<\/h1>\n<p>Varmista kiinteist\u00f6jesi sujuva ja turvallinen toiminta asiantuntevilla kiinteist\u00f6nhoitopalveluillamme, jotka kattavat kaiken siivouksesta ja kunnossapidosta turvallisuuteen ja tilasuunnitteluun.<\/p>\n<p>SABATECH INTERNATIONAL OY:ll\u00e4 kiinteist\u00f6nhoitopalvelumme menev\u00e4t perinteisen siivouksen yli. Ymm\u00e4rr\u00e4mme, ett\u00e4 puhtaan ja hygieenisen ymp\u00e4rist\u00f6n yll\u00e4pit\u00e4minen on olennaista ty\u00f6ntekij\u00f6idesi hyvinvoinnille ja organisaatiosi yleiselle menestykselle.<\/p>\n<p>Omistautunut siivousammattilaistemme tiimi on sitoutunut tarjoamaan huippuluokan siivouspalveluita, jotka on r\u00e4\u00e4t\u00e4l\u00f6ity tilojesi ainutlaatuisiin tarpeisiin. Olipa kyseess\u00e4 p\u00e4ivitt\u00e4inen toimistosiivous, erikoissiivous laboratorioille tai tuotantotiloille, tai s\u00e4\u00e4nn\u00f6llinen syv\u00e4puhdistus, meill\u00e4 on asiantuntemus ja resurssit varmistaa, ett\u00e4 tilasi pysyv\u00e4t puhtaina ja kutsuvina.<\/p>\n<p>K\u00e4yt\u00e4mme alan johtavia siivousk\u00e4yt\u00e4nt\u00f6j\u00e4 ja ymp\u00e4rist\u00f6yst\u00e4v\u00e4llisi\u00e4 tuotteita, jotta voimme minimoida ymp\u00e4rist\u00f6jalanj\u00e4lkemme ja samalla saavuttaa erinomaisia tuloksia. Kattavat siivouspalvelumme kattavat kaiken lattiapinnoista ja pinnoista aina saniteettitiloihin ja yhteisiin alueisiin, j\u00e4tt\u00e4en jokaisen nurkan huomiotta.<\/p>\n<p>SABATECH INTERNATIONAL OY:ll\u00e4 asetamme asiakastyytyv\u00e4isyyden etusijalle ja pyrimme ylitt\u00e4m\u00e4\u00e4n odotuksesi tarkkaavaisella yksityiskohtien huomioimisella ja sitoutumisellamme erinomaisuuteen. Luota meihin pit\u00e4m\u00e4\u00e4n tilasi puhtaana, desinfioituna ja tuottavuutta edist\u00e4v\u00e4n\u00e4 ymp\u00e4rist\u00f6n\u00e4.[\/vc_column_text][\/vc_column][vc_column offset=&#8221;vc_col-lg-6 vc_col-md-6&#8243; css=&#8221;.vc_custom_1717140298860{margin-bottom: 30px !important;}&#8221;]\n<div class=\"wpcf7 no-js\" id=\"wpcf7-f1408-o1\" lang=\"en-US\" dir=\"ltr\">\n<div class=\"screen-reader-response\"><p role=\"status\" aria-live=\"polite\" aria-atomic=\"true\"><\/p> <ul><\/ul><\/div>\n<form action=\"\/fi\/wp-json\/wp\/v2\/pages\/1720#wpcf7-f1408-o1\" method=\"post\" class=\"wpcf7-form init\" aria-label=\"Contact form\" novalidate=\"novalidate\" data-status=\"init\">\n<div style=\"display: none;\">\n<input type=\"hidden\" name=\"_wpcf7\" value=\"1408\" \/>\n<input type=\"hidden\" name=\"_wpcf7_version\" value=\"5.9.8\" \/>\n<input type=\"hidden\" name=\"_wpcf7_locale\" value=\"en_US\" \/>\n<input type=\"hidden\" name=\"_wpcf7_unit_tag\" value=\"wpcf7-f1408-o1\" \/>\n<input type=\"hidden\" name=\"_wpcf7_container_post\" value=\"0\" \/>\n<input type=\"hidden\" name=\"_wpcf7_posted_data_hash\" value=\"\" \/>\n<\/div>\n<div class=\"contact_form\">\n\t<div class=\"row\">\n\t\t<div class=\"col-lg-12 col-md-12 col-sm-12 col-xs-12\">\n\t\t\t<div class=\"input-group m-0\">\n\t\t\t\t<p><span class=\"wpcf7-form-control-wrap\" data-name=\"full-name\"><input size=\"40\" maxlength=\"400\" class=\"wpcf7-form-control wpcf7-text wpcf7-validates-as-required\" aria-required=\"true\" aria-invalid=\"false\" placeholder=\"Name *\" value=\"\" type=\"text\" name=\"full-name\" \/><\/span>\n\t\t\t\t<\/p>\n\t\t\t<\/div>\n\t\t<\/div>\n\t<\/div>\n\t<div class=\"row\">\n\t\t<div class=\"col-lg-12 col-md-12 col-sm-12 col-xs-12\">\n\t\t\t<div class=\"input-group m-0\">\n\t\t\t\t<p><span class=\"wpcf7-form-control-wrap\" data-name=\"email\"><input size=\"40\" maxlength=\"400\" class=\"wpcf7-form-control wpcf7-email wpcf7-validates-as-required wpcf7-text wpcf7-validates-as-email\" aria-required=\"true\" aria-invalid=\"false\" placeholder=\"Email *\" value=\"\" type=\"email\" name=\"email\" \/><\/span>\n\t\t\t\t<\/p>\n\t\t\t<\/div>\n\t\t<\/div>\n\t<\/div>\n\t<div class=\"row\">\n\t\t<div class=\"col-lg-12 col-md-12 col-sm-12 col-xs-12\">\n\t\t\t<div class=\"input-group m-0\">\n\t\t\t\t<p><span class=\"wpcf7-form-control-wrap\" data-name=\"phone-number\"><input size=\"40\" maxlength=\"400\" class=\"wpcf7-form-control wpcf7-tel wpcf7-validates-as-required wpcf7-text wpcf7-validates-as-tel\" aria-required=\"true\" aria-invalid=\"false\" placeholder=\"Phone Number*\" value=\"\" type=\"tel\" name=\"phone-number\" \/><\/span>\n\t\t\t\t<\/p>\n\t\t\t<\/div>\n\t\t<\/div>\n\t<\/div>\n\t<div class=\"row\">\n\t\t<div class=\"col-lg-12 col-md-12 col-sm-12 col-xs-12\">\n\t\t\t<div class=\"input-group m-0\">\n\t\t\t\t<p><span class=\"wpcf7-form-control-wrap\" data-name=\"textarea\"><textarea cols=\"40\" rows=\"10\" maxlength=\"2000\" class=\"wpcf7-form-control wpcf7-textarea textarea\" aria-invalid=\"false\" placeholder=\"Additional Message\" name=\"textarea\"><\/textarea><\/span>\n\t\t\t\t<\/p>\n\t\t\t<\/div>\n\t\t<\/div>\n\t<\/div>\n\t<div class=\"row\">\n\t\t<div class=\"col-lg-12 col-md-12 col-sm-12 col-xs-12\">\n\t\t\t<div class=\"input-group submit-btn\">\n\t\t\t\t<div id=\"cf7sr-69e01365c7266\" class=\"cf7sr-g-recaptcha\" data-theme=\"light\" data-type=\"image\" data-size=\"normal\" data-sitekey=\"6LeE4CIqAAAAAHa3hJvOpj3iybr-QAdv6TrJ55qV\"><\/div><span class=\"wpcf7-form-control-wrap cf7sr-recaptcha\" data-name=\"cf7sr-recaptcha\"><input type=\"hidden\" name=\"cf7sr-recaptcha\" value=\"\" class=\"wpcf7-form-control\"><\/span><br \/>\n<input class=\"wpcf7-form-control wpcf7-submit has-spinner button\" type=\"submit\" value=\"submit\" \/>\n\t\t\t\t<\/p>\n\t\t\t<\/div>\n\t\t<\/div>\n\t<\/div>\n<\/div><div class=\"wpcf7-response-output\" aria-hidden=\"true\"><\/div>\n<\/form>\n<\/div>\n[\/vc_column][\/vc_row][vc_row full_width=&#8221;stretch_row_content_no_spaces&#8221; el_class=&#8221;secondary_bg_color convert_to_table services_icons&#8221; css=&#8221;.vc_custom_1449204239642{margin-bottom: 0px !important;}&#8221;][vc_column css=&#8221;.vc_custom_1717049349854{padding-top: 75px !important;padding-right: 75px !important;padding-bottom: 75px !important;padding-left: 75px !important;}&#8221; offset=&#8221;vc_col-lg-4 vc_col-md-4&#8243; el_class=&#8221;service-col&#8221;][stm_icon icon_size=&#8221;67&#8243; icon_height=&#8221;90&#8243; title_font_size=&#8221;24&#8243; title_font_weight=&#8221;700&#8243; align=&#8221;center&#8221; icon=&#8221;stm-security&#8221; title=&#8221;Turvallisiin ja luotettaviin toimintoihin&#8221; text=&#8221;Varmistamme kaikkien tilojen ja toimintojen turvallisuuden ja luotettavuuden.&#8221; icon_color=&#8221;#ffffff&#8221; title_color=&#8221;#ffffff&#8221; text_color=&#8221;#ffffff&#8221;][\/vc_column][vc_column css=&#8221;.vc_custom_1717140183146{padding-top: 75px !important;padding-right: 75px !important;padding-bottom: 75px !important;padding-left: 75px !important;}&#8221; offset=&#8221;vc_col-lg-4 vc_col-md-4&#8243; el_class=&#8221;service-col&#8221;][stm_icon icon_size=&#8221;67&#8243; icon_height=&#8221;90&#8243; title_font_size=&#8221;24&#8243; title_font_weight=&#8221;700&#8243; align=&#8221;center&#8221; icon=&#8221;stm-fast-delivery&#8221; title=&#8221;Ensiluokkainen kiinteist\u00f6nhoito&#8221; text=&#8221;Tarjoamme kattavia kiinteist\u00f6nhallintapalveluita, mukaan lukien siivous, huolto, turvallisuus ja tilasuunnittelu.&#8221; icon_color=&#8221;#ffffff&#8221; title_color=&#8221;#ffffff&#8221; text_color=&#8221;#ffffff&#8221;][\/vc_column][vc_column css=&#8221;.vc_custom_1717049374511{padding-top: 75px !important;padding-right: 75px !important;padding-bottom: 75px !important;padding-left: 75px !important;background-color: rgba(0,0,0,0.2) !important;*background-color: rgb(0,0,0) !important;}&#8221; offset=&#8221;vc_col-lg-4 vc_col-md-4&#8243; el_class=&#8221;service-col&#8221;][stm_icon icon_size=&#8221;67&#8243; icon_height=&#8221;90&#8243; title_font_size=&#8221;24&#8243; title_font_weight=&#8221;700&#8243; align=&#8221;center&#8221; icon=&#8221;stm-support&#8221; title=&#8221;24\/7 tuki&#8221; text=&#8221;Tarjoamme ymp\u00e4ri vuorokauden apua ja tukea kaikkiin palvelupyynt\u00f6ihin. N\u00e4m\u00e4 sitoumukset heijastavat omistautumistamme tarjota poikkeuksellisia kiinteist\u00f6nhallintaratkaisuja, jotka painottavat turvallisuutta, tehokkuutta ja asiakastyytyv\u00e4isyytt\u00e4.&#8221; icon_color=&#8221;#ffffff&#8221; title_color=&#8221;#ffffff&#8221; text_color=&#8221;#ffffff&#8221;][\/vc_column][\/vc_row]<\/p>\n<\/div>","protected":false},"excerpt":{"rendered":"<p>[vc_row css=&#8221;.vc_custom_1449207080478{margin-bottom: 60px !important;}&#8221;][vc_column offset=&#8221;vc_col-lg-6 vc_col-md-6&#8243; css=&#8221;.vc_custom_1716984355748{margin-bottom: 30px !important;}&#8221;][vc_column_text] Ensiluokkainen kiinteist\u00f6nhoito Varmista kiinteist\u00f6jesi sujuva ja turvallinen toiminta asiantuntevilla kiinteist\u00f6nhoitopalveluillamme, jotka kattavat kaiken siivouksesta ja kunnossapidosta turvallisuuteen ja tilasuunnitteluun. SABATECH INTERNATIONAL OY:ll\u00e4 kiinteist\u00f6nhoitopalvelumme menev\u00e4t&#8230;<\/p>\n","protected":false},"author":1,"featured_media":0,"parent":0,"menu_order":0,"comment_status":"closed","ping_status":"closed","template":"","meta":{"footnotes":""},"class_list":["post-1720","page","type-page","status-publish","hentry"],"yoast_head":"<!-- This site is optimized with the Yoast SEO plugin v23.2 - https:\/\/yoast.com\/wordpress\/plugins\/seo\/ -->\n<title>Ensiluokkainen kiinteist\u00f6nhoito - Sabatech<\/title>\n<meta name=\"robots\" content=\"index, follow, max-snippet:-1, max-image-preview:large, max-video-preview:-1\" \/>\n<link rel=\"canonical\" href=\"https:\/\/sabatechinternational.fi\/top-tier-facility-management\/\" \/>\n<meta property=\"og:locale\" content=\"fi_FI\" \/>\n<meta property=\"og:type\" content=\"article\" \/>\n<meta property=\"og:title\" content=\"Ensiluokkainen kiinteist\u00f6nhoito - Sabatech\" \/>\n<meta property=\"og:description\" content=\"[vc_row css=&#8221;.vc_custom_1449207080478{margin-bottom: 60px !important;}&#8221;][vc_column offset=&#8221;vc_col-lg-6 vc_col-md-6&#8243; css=&#8221;.vc_custom_1716984355748{margin-bottom: 30px !important;}&#8221;][vc_column_text] Ensiluokkainen kiinteist\u00f6nhoito Varmista kiinteist\u00f6jesi sujuva ja turvallinen toiminta asiantuntevilla kiinteist\u00f6nhoitopalveluillamme, jotka kattavat kaiken siivouksesta ja kunnossapidosta turvallisuuteen ja tilasuunnitteluun. SABATECH INTERNATIONAL OY:ll\u00e4 kiinteist\u00f6nhoitopalvelumme menev\u00e4t...\" \/>\n<meta property=\"og:url\" content=\"https:\/\/sabatechinternational.fi\/top-tier-facility-management\/\" \/>\n<meta property=\"og:site_name\" content=\"Sabatech\" \/>\n<meta property=\"article:modified_time\" content=\"2024-06-10T13:13:28+00:00\" \/>\n<meta name=\"twitter:card\" content=\"summary_large_image\" \/>\n<meta name=\"twitter:label1\" content=\"Arvioitu lukuaika\" \/>\n\t<meta name=\"twitter:data1\" content=\"2 minuuttia\" \/>\n<script type=\"application\/ld+json\" class=\"yoast-schema-graph\">{\"@context\":\"https:\/\/schema.org\",\"@graph\":[{\"@type\":\"WebPage\",\"@id\":\"https:\/\/sabatechinternational.fi\/top-tier-facility-management\/\",\"url\":\"https:\/\/sabatechinternational.fi\/top-tier-facility-management\/\",\"name\":\"Ensiluokkainen kiinteist\u00f6nhoito - Sabatech\",\"isPartOf\":{\"@id\":\"https:\/\/sabatechinternational.fi\/#website\"},\"datePublished\":\"2024-05-29T05:12:41+00:00\",\"dateModified\":\"2024-06-10T13:13:28+00:00\",\"breadcrumb\":{\"@id\":\"https:\/\/sabatechinternational.fi\/top-tier-facility-management\/#breadcrumb\"},\"inLanguage\":\"fi\",\"potentialAction\":[{\"@type\":\"ReadAction\",\"target\":[\"https:\/\/sabatechinternational.fi\/top-tier-facility-management\/\"]}]},{\"@type\":\"BreadcrumbList\",\"@id\":\"https:\/\/sabatechinternational.fi\/top-tier-facility-management\/#breadcrumb\",\"itemListElement\":[{\"@type\":\"ListItem\",\"position\":1,\"name\":\"Home\",\"item\":\"https:\/\/sabatechinternational.fi\/\"},{\"@type\":\"ListItem\",\"position\":2,\"name\":\"Ensiluokkainen kiinteist\u00f6nhoito\"}]},{\"@type\":\"WebSite\",\"@id\":\"https:\/\/sabatechinternational.fi\/#website\",\"url\":\"https:\/\/sabatechinternational.fi\/\",\"name\":\"Sabatech\",\"description\":\"Sabatech\",\"potentialAction\":[{\"@type\":\"SearchAction\",\"target\":{\"@type\":\"EntryPoint\",\"urlTemplate\":\"https:\/\/sabatechinternational.fi\/?s={search_term_string}\"},\"query-input\":\"required name=search_term_string\"}],\"inLanguage\":\"fi\"}]}<\/script>\n<!-- \/ Yoast SEO plugin. -->","yoast_head_json":{"title":"Ensiluokkainen kiinteist\u00f6nhoito - Sabatech","robots":{"index":"index","follow":"follow","max-snippet":"max-snippet:-1","max-image-preview":"max-image-preview:large","max-video-preview":"max-video-preview:-1"},"canonical":"https:\/\/sabatechinternational.fi\/top-tier-facility-management\/","og_locale":"fi_FI","og_type":"article","og_title":"Ensiluokkainen kiinteist\u00f6nhoito - Sabatech","og_description":"[vc_row css=&#8221;.vc_custom_1449207080478{margin-bottom: 60px !important;}&#8221;][vc_column offset=&#8221;vc_col-lg-6 vc_col-md-6&#8243; css=&#8221;.vc_custom_1716984355748{margin-bottom: 30px !important;}&#8221;][vc_column_text] Ensiluokkainen kiinteist\u00f6nhoito Varmista kiinteist\u00f6jesi sujuva ja turvallinen toiminta asiantuntevilla kiinteist\u00f6nhoitopalveluillamme, jotka kattavat kaiken siivouksesta ja kunnossapidosta turvallisuuteen ja tilasuunnitteluun. SABATECH INTERNATIONAL OY:ll\u00e4 kiinteist\u00f6nhoitopalvelumme menev\u00e4t...","og_url":"https:\/\/sabatechinternational.fi\/top-tier-facility-management\/","og_site_name":"Sabatech","article_modified_time":"2024-06-10T13:13:28+00:00","twitter_card":"summary_large_image","twitter_misc":{"Arvioitu lukuaika":"2 minuuttia"},"schema":{"@context":"https:\/\/schema.org","@graph":[{"@type":"WebPage","@id":"https:\/\/sabatechinternational.fi\/top-tier-facility-management\/","url":"https:\/\/sabatechinternational.fi\/top-tier-facility-management\/","name":"Ensiluokkainen kiinteist\u00f6nhoito - Sabatech","isPartOf":{"@id":"https:\/\/sabatechinternational.fi\/#website"},"datePublished":"2024-05-29T05:12:41+00:00","dateModified":"2024-06-10T13:13:28+00:00","breadcrumb":{"@id":"https:\/\/sabatechinternational.fi\/top-tier-facility-management\/#breadcrumb"},"inLanguage":"fi","potentialAction":[{"@type":"ReadAction","target":["https:\/\/sabatechinternational.fi\/top-tier-facility-management\/"]}]},{"@type":"BreadcrumbList","@id":"https:\/\/sabatechinternational.fi\/top-tier-facility-management\/#breadcrumb","itemListElement":[{"@type":"ListItem","position":1,"name":"Home","item":"https:\/\/sabatechinternational.fi\/"},{"@type":"ListItem","position":2,"name":"Ensiluokkainen kiinteist\u00f6nhoito"}]},{"@type":"WebSite","@id":"https:\/\/sabatechinternational.fi\/#website","url":"https:\/\/sabatechinternational.fi\/","name":"Sabatech","description":"Sabatech","potentialAction":[{"@type":"SearchAction","target":{"@type":"EntryPoint","urlTemplate":"https:\/\/sabatechinternational.fi\/?s={search_term_string}"},"query-input":"required name=search_term_string"}],"inLanguage":"fi"}]}},"_links":{"self":[{"href":"https:\/\/sabatechinternational.fi\/fi\/wp-json\/wp\/v2\/pages\/1720","targetHints":{"allow":["GET"]}}],"collection":[{"href":"https:\/\/sabatechinternational.fi\/fi\/wp-json\/wp\/v2\/pages"}],"about":[{"href":"https:\/\/sabatechinternational.fi\/fi\/wp-json\/wp\/v2\/types\/page"}],"author":[{"embeddable":true,"href":"https:\/\/sabatechinternational.fi\/fi\/wp-json\/wp\/v2\/users\/1"}],"replies":[{"embeddable":true,"href":"https:\/\/sabatechinternational.fi\/fi\/wp-json\/wp\/v2\/comments?post=1720"}],"version-history":[{"count":5,"href":"https:\/\/sabatechinternational.fi\/fi\/wp-json\/wp\/v2\/pages\/1720\/revisions"}],"predecessor-version":[{"id":1774,"href":"https:\/\/sabatechinternational.fi\/fi\/wp-json\/wp\/v2\/pages\/1720\/revisions\/1774"}],"wp:attachment":[{"href":"https:\/\/sabatechinternational.fi\/fi\/wp-json\/wp\/v2\/media?parent=1720"}],"curies":[{"name":"wp","href":"https:\/\/api.w.org\/{rel}","templated":true}]}}