{"id":1925,"date":"2024-07-08T06:10:09","date_gmt":"2024-07-08T06:10:09","guid":{"rendered":"https:\/\/sabatechinternational.fi\/education-in-finland\/"},"modified":"2024-07-08T07:27:47","modified_gmt":"2024-07-08T07:27:47","slug":"education-in-finland","status":"publish","type":"page","link":"https:\/\/sabatechinternational.fi\/fi\/education-in-finland\/","title":{"rendered":"education in finland"},"content":{"rendered":"<div class=\"wpb-content-wrapper\"><p>[vc_row css=&#8221;.vc_custom_1449207080478{margin-bottom: 60px !important;}&#8221;][vc_column offset=&#8221;vc_col-lg-6 vc_col-md-6&#8243; css=&#8221;.vc_custom_1716984644333{margin-bottom: 30px !important;}&#8221;][vc_column_text]<\/p>\n<h2>EDUCATION IN FINLAND<\/h2>\n<p>Sabatech International Oy on Suomessa toimiva koulutusalan yritys, joka tarjoaa tukea ja ohjausta opiskelijoille, jotka etsiv\u00e4t koulutusmahdollisuuksia. Tarjoamme henkil\u00f6kohtaista apua hakemuksissa, p\u00e4\u00e4syvaatimuksissa ja Suomen koulutusj\u00e4rjestelm\u00e4n navigoinnissa, varmistaen sujuvan siirtymisen kansainv\u00e4lisille opiskelijoille.<\/p>\n<p>Ota yhteytt\u00e4 Sabatech International Oy saadaksesi maksutonta opintoneuvontaa. Tarjoamme asiantuntevaa ohjausta koulutusmahdollisuuksista ja tukea akateemiselle matkallesi.[\/vc_column_text][vc_column_text]<\/p>\n<h2>Sabatech International Oy tarjoaa seuraavat koulutuspalvelut:<\/h2>\n<ul>\n<li>Opiskelukonsultointi ulkomailla: Henkil\u00f6kohtaista ohjausta kansainv\u00e4lisille opiskelijoille.<\/li>\n<li>Hakemusapu: Tukea yliopistohakemuksissa ja dokumentaatiossa.<\/li>\n<li>Viisumituki: Opastus viisumihakemusprosessissa.<\/li>\n<li>Majoitusj\u00e4rjestelyt: Apua sopivan asunnon l\u00f6yt\u00e4misess\u00e4.<\/li>\n<li>Orientaatio-ohjelmat: Tukea sopeutumiseen Suomessa.<\/li>\n<\/ul>\n<p>Lis\u00e4tietoja varten ota meihin yhteytt\u00e4![\/vc_column_text][\/vc_column][vc_column offset=&#8221;vc_col-lg-6 vc_col-md-6&#8243; css=&#8221;.vc_custom_1716984664249{margin-bottom: 30px !important;}&#8221;]\n<div class=\"wpcf7 no-js\" id=\"wpcf7-f1908-o1\" lang=\"en-US\" dir=\"ltr\">\n<div class=\"screen-reader-response\"><p role=\"status\" aria-live=\"polite\" aria-atomic=\"true\"><\/p> <ul><\/ul><\/div>\n<form action=\"\/fi\/wp-json\/wp\/v2\/pages\/1925#wpcf7-f1908-o1\" method=\"post\" class=\"wpcf7-form init\" aria-label=\"Contact form\" novalidate=\"novalidate\" data-status=\"init\">\n<div style=\"display: none;\">\n<input type=\"hidden\" name=\"_wpcf7\" value=\"1908\" \/>\n<input type=\"hidden\" name=\"_wpcf7_version\" value=\"5.9.8\" \/>\n<input type=\"hidden\" name=\"_wpcf7_locale\" value=\"en_US\" \/>\n<input type=\"hidden\" name=\"_wpcf7_unit_tag\" value=\"wpcf7-f1908-o1\" \/>\n<input type=\"hidden\" name=\"_wpcf7_container_post\" value=\"0\" \/>\n<input type=\"hidden\" name=\"_wpcf7_posted_data_hash\" value=\"\" \/>\n<\/div>\n<div class=\"contact_form\">\n\t<div class=\"row\">\n\t\t<div class=\"col-lg-12 col-md-12 col-sm-12 col-xs-12\">\n\t\t\t<div class=\"input-group m-0\">\n\t\t\t\t<p><span class=\"wpcf7-form-control-wrap\" data-name=\"full-name\"><input size=\"40\" maxlength=\"400\" class=\"wpcf7-form-control wpcf7-text wpcf7-validates-as-required\" aria-required=\"true\" aria-invalid=\"false\" placeholder=\"Name *\" value=\"\" type=\"text\" name=\"full-name\" \/><\/span>\n\t\t\t\t<\/p>\n\t\t\t<\/div>\n\t\t<\/div>\n\t<\/div>\n\t<div class=\"row\">\n\t\t<div class=\"col-lg-12 col-md-12 col-sm-12 col-xs-12\">\n\t\t\t<div class=\"input-group m-0\">\n\t\t\t\t<p><span class=\"wpcf7-form-control-wrap\" data-name=\"email\"><input size=\"40\" maxlength=\"400\" class=\"wpcf7-form-control wpcf7-email wpcf7-validates-as-required wpcf7-text wpcf7-validates-as-email\" aria-required=\"true\" aria-invalid=\"false\" placeholder=\"Email *\" value=\"\" type=\"email\" name=\"email\" \/><\/span>\n\t\t\t\t<\/p>\n\t\t\t<\/div>\n\t\t<\/div>\n\t<\/div>\n\t<div class=\"row\">\n\t\t<div class=\"col-lg-12 col-md-12 col-sm-12 col-xs-12\">\n\t\t\t<div class=\"input-group m-0\">\n\t\t\t\t<p><span class=\"wpcf7-form-control-wrap\" data-name=\"phone-number\"><input size=\"40\" maxlength=\"400\" class=\"wpcf7-form-control wpcf7-tel wpcf7-validates-as-required wpcf7-text wpcf7-validates-as-tel\" aria-required=\"true\" aria-invalid=\"false\" placeholder=\"Phone Number*\" value=\"\" type=\"tel\" name=\"phone-number\" \/><\/span>\n\t\t\t\t<\/p>\n\t\t\t<\/div>\n\t\t<\/div>\n\t<\/div>\n\t<div class=\"row\">\n\t\t<div class=\"col-lg-12 col-md-12 col-sm-12 col-xs-12\">\n\t\t\t<div class=\"input-group m-0\">\n\t\t\t\t<p><span class=\"wpcf7-form-control-wrap\" data-name=\"textarea\"><textarea cols=\"40\" rows=\"10\" maxlength=\"2000\" class=\"wpcf7-form-control wpcf7-textarea textarea\" aria-invalid=\"false\" placeholder=\"Additional Message\" name=\"textarea\"><\/textarea><\/span>\n\t\t\t\t<\/p>\n\t\t\t<\/div>\n\t\t<\/div>\n\t<\/div>\n\t<div class=\"row\">\n\t\t<div class=\"col-lg-12 col-md-12 col-sm-12 col-xs-12\">\n\t\t\t<div class=\"input-group submit-btn\">\n\t\t\t\t<div id=\"cf7sr-69e0149425b9e\" class=\"cf7sr-g-recaptcha\" data-theme=\"light\" data-type=\"image\" data-size=\"normal\" data-sitekey=\"6LeE4CIqAAAAAHa3hJvOpj3iybr-QAdv6TrJ55qV\"><\/div><span class=\"wpcf7-form-control-wrap cf7sr-recaptcha\" data-name=\"cf7sr-recaptcha\"><input type=\"hidden\" name=\"cf7sr-recaptcha\" value=\"\" class=\"wpcf7-form-control\"><\/span><br \/>\n<input class=\"wpcf7-form-control wpcf7-submit has-spinner button\" type=\"submit\" value=\"submit\" \/>\n\t\t\t\t<\/p>\n\t\t\t<\/div>\n\t\t<\/div>\n\t<\/div>\n<\/div><div class=\"wpcf7-response-output\" aria-hidden=\"true\"><\/div>\n<\/form>\n<\/div>\n[\/vc_column][\/vc_row]<\/p>\n<\/div>","protected":false},"excerpt":{"rendered":"<p>[vc_row css=&#8221;.vc_custom_1449207080478{margin-bottom: 60px !important;}&#8221;][vc_column offset=&#8221;vc_col-lg-6 vc_col-md-6&#8243; css=&#8221;.vc_custom_1716984644333{margin-bottom: 30px !important;}&#8221;][vc_column_text] EDUCATION IN FINLAND Sabatech International Oy on Suomessa toimiva koulutusalan yritys, joka tarjoaa tukea ja ohjausta opiskelijoille, jotka etsiv\u00e4t koulutusmahdollisuuksia. Tarjoamme henkil\u00f6kohtaista apua hakemuksissa,&#8230;<\/p>\n","protected":false},"author":1,"featured_media":0,"parent":0,"menu_order":0,"comment_status":"closed","ping_status":"closed","template":"","meta":{"footnotes":""},"class_list":["post-1925","page","type-page","status-publish","hentry"],"yoast_head":"<!-- This site is optimized with the Yoast SEO plugin v23.2 - https:\/\/yoast.com\/wordpress\/plugins\/seo\/ -->\n<title>education in finland - Sabatech<\/title>\n<meta name=\"robots\" content=\"index, follow, max-snippet:-1, max-image-preview:large, max-video-preview:-1\" \/>\n<link rel=\"canonical\" href=\"https:\/\/sabatechinternational.fi\/education-in-finland\/\" \/>\n<meta property=\"og:locale\" content=\"fi_FI\" \/>\n<meta property=\"og:type\" content=\"article\" \/>\n<meta property=\"og:title\" content=\"education in finland - Sabatech\" \/>\n<meta property=\"og:description\" content=\"[vc_row css=&#8221;.vc_custom_1449207080478{margin-bottom: 60px !important;}&#8221;][vc_column offset=&#8221;vc_col-lg-6 vc_col-md-6&#8243; css=&#8221;.vc_custom_1716984644333{margin-bottom: 30px !important;}&#8221;][vc_column_text] EDUCATION IN FINLAND Sabatech International Oy on Suomessa toimiva koulutusalan yritys, joka tarjoaa tukea ja ohjausta opiskelijoille, jotka etsiv\u00e4t koulutusmahdollisuuksia. Tarjoamme henkil\u00f6kohtaista apua hakemuksissa,...\" \/>\n<meta property=\"og:url\" content=\"https:\/\/sabatechinternational.fi\/education-in-finland\/\" \/>\n<meta property=\"og:site_name\" content=\"Sabatech\" \/>\n<meta property=\"article:modified_time\" content=\"2024-07-08T07:27:47+00:00\" \/>\n<meta name=\"twitter:card\" content=\"summary_large_image\" \/>\n<meta name=\"twitter:label1\" content=\"Arvioitu lukuaika\" \/>\n\t<meta name=\"twitter:data1\" content=\"1 minuutti\" \/>\n<script type=\"application\/ld+json\" class=\"yoast-schema-graph\">{\"@context\":\"https:\/\/schema.org\",\"@graph\":[{\"@type\":\"WebPage\",\"@id\":\"https:\/\/sabatechinternational.fi\/education-in-finland\/\",\"url\":\"https:\/\/sabatechinternational.fi\/education-in-finland\/\",\"name\":\"education in finland - Sabatech\",\"isPartOf\":{\"@id\":\"https:\/\/sabatechinternational.fi\/#website\"},\"datePublished\":\"2024-07-08T06:10:09+00:00\",\"dateModified\":\"2024-07-08T07:27:47+00:00\",\"breadcrumb\":{\"@id\":\"https:\/\/sabatechinternational.fi\/education-in-finland\/#breadcrumb\"},\"inLanguage\":\"fi\",\"potentialAction\":[{\"@type\":\"ReadAction\",\"target\":[\"https:\/\/sabatechinternational.fi\/education-in-finland\/\"]}]},{\"@type\":\"BreadcrumbList\",\"@id\":\"https:\/\/sabatechinternational.fi\/education-in-finland\/#breadcrumb\",\"itemListElement\":[{\"@type\":\"ListItem\",\"position\":1,\"name\":\"Home\",\"item\":\"https:\/\/sabatechinternational.fi\/\"},{\"@type\":\"ListItem\",\"position\":2,\"name\":\"education in finland\"}]},{\"@type\":\"WebSite\",\"@id\":\"https:\/\/sabatechinternational.fi\/#website\",\"url\":\"https:\/\/sabatechinternational.fi\/\",\"name\":\"Sabatech\",\"description\":\"Sabatech\",\"potentialAction\":[{\"@type\":\"SearchAction\",\"target\":{\"@type\":\"EntryPoint\",\"urlTemplate\":\"https:\/\/sabatechinternational.fi\/?s={search_term_string}\"},\"query-input\":\"required name=search_term_string\"}],\"inLanguage\":\"fi\"}]}<\/script>\n<!-- \/ Yoast SEO plugin. -->","yoast_head_json":{"title":"education in finland - Sabatech","robots":{"index":"index","follow":"follow","max-snippet":"max-snippet:-1","max-image-preview":"max-image-preview:large","max-video-preview":"max-video-preview:-1"},"canonical":"https:\/\/sabatechinternational.fi\/education-in-finland\/","og_locale":"fi_FI","og_type":"article","og_title":"education in finland - Sabatech","og_description":"[vc_row css=&#8221;.vc_custom_1449207080478{margin-bottom: 60px !important;}&#8221;][vc_column offset=&#8221;vc_col-lg-6 vc_col-md-6&#8243; css=&#8221;.vc_custom_1716984644333{margin-bottom: 30px !important;}&#8221;][vc_column_text] EDUCATION IN FINLAND Sabatech International Oy on Suomessa toimiva koulutusalan yritys, joka tarjoaa tukea ja ohjausta opiskelijoille, jotka etsiv\u00e4t koulutusmahdollisuuksia. Tarjoamme henkil\u00f6kohtaista apua hakemuksissa,...","og_url":"https:\/\/sabatechinternational.fi\/education-in-finland\/","og_site_name":"Sabatech","article_modified_time":"2024-07-08T07:27:47+00:00","twitter_card":"summary_large_image","twitter_misc":{"Arvioitu lukuaika":"1 minuutti"},"schema":{"@context":"https:\/\/schema.org","@graph":[{"@type":"WebPage","@id":"https:\/\/sabatechinternational.fi\/education-in-finland\/","url":"https:\/\/sabatechinternational.fi\/education-in-finland\/","name":"education in finland - Sabatech","isPartOf":{"@id":"https:\/\/sabatechinternational.fi\/#website"},"datePublished":"2024-07-08T06:10:09+00:00","dateModified":"2024-07-08T07:27:47+00:00","breadcrumb":{"@id":"https:\/\/sabatechinternational.fi\/education-in-finland\/#breadcrumb"},"inLanguage":"fi","potentialAction":[{"@type":"ReadAction","target":["https:\/\/sabatechinternational.fi\/education-in-finland\/"]}]},{"@type":"BreadcrumbList","@id":"https:\/\/sabatechinternational.fi\/education-in-finland\/#breadcrumb","itemListElement":[{"@type":"ListItem","position":1,"name":"Home","item":"https:\/\/sabatechinternational.fi\/"},{"@type":"ListItem","position":2,"name":"education in finland"}]},{"@type":"WebSite","@id":"https:\/\/sabatechinternational.fi\/#website","url":"https:\/\/sabatechinternational.fi\/","name":"Sabatech","description":"Sabatech","potentialAction":[{"@type":"SearchAction","target":{"@type":"EntryPoint","urlTemplate":"https:\/\/sabatechinternational.fi\/?s={search_term_string}"},"query-input":"required name=search_term_string"}],"inLanguage":"fi"}]}},"_links":{"self":[{"href":"https:\/\/sabatechinternational.fi\/fi\/wp-json\/wp\/v2\/pages\/1925","targetHints":{"allow":["GET"]}}],"collection":[{"href":"https:\/\/sabatechinternational.fi\/fi\/wp-json\/wp\/v2\/pages"}],"about":[{"href":"https:\/\/sabatechinternational.fi\/fi\/wp-json\/wp\/v2\/types\/page"}],"author":[{"embeddable":true,"href":"https:\/\/sabatechinternational.fi\/fi\/wp-json\/wp\/v2\/users\/1"}],"replies":[{"embeddable":true,"href":"https:\/\/sabatechinternational.fi\/fi\/wp-json\/wp\/v2\/comments?post=1925"}],"version-history":[{"count":2,"href":"https:\/\/sabatechinternational.fi\/fi\/wp-json\/wp\/v2\/pages\/1925\/revisions"}],"predecessor-version":[{"id":1927,"href":"https:\/\/sabatechinternational.fi\/fi\/wp-json\/wp\/v2\/pages\/1925\/revisions\/1927"}],"wp:attachment":[{"href":"https:\/\/sabatechinternational.fi\/fi\/wp-json\/wp\/v2\/media?parent=1925"}],"curies":[{"name":"wp","href":"https:\/\/api.w.org\/{rel}","templated":true}]}}